{"id":3471,"date":"2026-02-05T09:40:57","date_gmt":"2026-02-05T14:40:57","guid":{"rendered":"https:\/\/uwacafe.com\/producto\/siphon-japonais\/"},"modified":"2026-02-07T11:03:08","modified_gmt":"2026-02-07T16:03:08","slug":"siphon-japonais","status":"publish","type":"product","link":"https:\/\/uwacafe.com\/fr\/produit\/siphon-japonais\/","title":{"rendered":"SIPHON JAPONAIS"},"content":{"rendered":"<p>D\u00e9couvrez la magie du caf\u00e9 de sp\u00e9cialit\u00e9 avec notre siphon japonais. La flamme et la vapeur qui s\u2019\u00e9l\u00e8vent transforment la pr\u00e9paration en un spectacle visuel fascinant, tandis que l\u2019extraction par d\u00e9pression r\u00e9v\u00e8le un caf\u00e9 d\u00e9licat, aromatique et riche en nuances, offrant une exp\u00e9rience sensorielle unique \u00e0 chaque tasse. <\/p>\n","protected":false},"excerpt":{"rendered":"<p>D\u00e9couvrez la magie du caf\u00e9 de sp\u00e9cialit\u00e9 avec notre siphon japonais. La flamme et la vapeur qui s\u2019\u00e9l\u00e8vent transforment la pr\u00e9paration en un spectacle visuel fascinant, tandis que l\u2019extraction par d\u00e9pression r\u00e9v\u00e8le un caf\u00e9 d\u00e9licat, aromatique et riche en nuances, offrant une exp\u00e9rience sensorielle unique \u00e0 chaque tasse. <\/p>\n","protected":false},"featured_media":3377,"comment_status":"open","ping_status":"closed","template":"","meta":[],"product_brand":[],"product_cat":[115],"product_tag":[124],"class_list":{"0":"post-3471","1":"product","2":"type-product","3":"status-publish","4":"has-post-thumbnail","6":"product_cat-cafeinees","7":"product_tag-siphon","9":"first","10":"instock","11":"shipping-taxable","12":"purchasable","13":"product-type-variable"},"yoast_head":"<!-- This site is optimized with the Yoast SEO plugin v27.0 - https:\/\/yoast.com\/product\/yoast-seo-wordpress\/ -->\n<title>SIPHON JAPONAIS - UWA Caf\u00e9<\/title>\n<meta name=\"robots\" content=\"index, follow, max-snippet:-1, max-image-preview:large, max-video-preview:-1\" \/>\n<link rel=\"canonical\" href=\"https:\/\/uwacafe.com\/fr\/producto\/siphon-japonais\/\" \/>\n<meta property=\"og:locale\" content=\"fr_FR\" \/>\n<meta property=\"og:type\" content=\"article\" \/>\n<meta property=\"og:title\" content=\"SIPHON JAPONAIS - UWA Caf\u00e9\" \/>\n<meta property=\"og:description\" content=\"D\u00e9couvrez la magie du caf\u00e9 de sp\u00e9cialit\u00e9 avec notre siphon japonais. La flamme et la vapeur qui s\u2019\u00e9l\u00e8vent transforment la pr\u00e9paration en un spectacle visuel fascinant, tandis que l\u2019extraction par d\u00e9pression r\u00e9v\u00e8le un caf\u00e9 d\u00e9licat, aromatique et riche en nuances, offrant une exp\u00e9rience sensorielle unique \u00e0 chaque tasse.\" \/>\n<meta property=\"og:url\" content=\"https:\/\/uwacafe.com\/fr\/producto\/siphon-japonais\/\" \/>\n<meta property=\"og:site_name\" content=\"UWA Caf\u00e9\" \/>\n<meta property=\"article:publisher\" content=\"https:\/\/www.facebook.com\/profile.php?id=61569251725677\" \/>\n<meta property=\"article:modified_time\" content=\"2026-02-07T16:03:08+00:00\" \/>\n<meta property=\"og:image\" content=\"https:\/\/uwacafe.com\/wp-content\/uploads\/2026\/02\/sifon-japones-1.jpg\" \/>\n\t<meta property=\"og:image:width\" content=\"1200\" \/>\n\t<meta property=\"og:image:height\" content=\"1700\" \/>\n\t<meta property=\"og:image:type\" content=\"image\/jpeg\" \/>\n<meta name=\"twitter:card\" content=\"summary_large_image\" \/>\n<script type=\"application\/ld+json\" class=\"yoast-schema-graph\">{\"@context\":\"https:\/\/schema.org\",\"@graph\":[{\"@type\":\"WebPage\",\"@id\":\"https:\/\/uwacafe.com\/fr\/producto\/siphon-japonais\/\",\"url\":\"https:\/\/uwacafe.com\/fr\/producto\/siphon-japonais\/\",\"name\":\"SIPHON JAPONAIS - UWA Caf\u00e9\",\"isPartOf\":{\"@id\":\"https:\/\/uwacafe.com\/#website\"},\"primaryImageOfPage\":{\"@id\":\"https:\/\/uwacafe.com\/fr\/producto\/siphon-japonais\/#primaryimage\"},\"image\":{\"@id\":\"https:\/\/uwacafe.com\/fr\/producto\/siphon-japonais\/#primaryimage\"},\"thumbnailUrl\":\"https:\/\/uwacafe.com\/wp-content\/uploads\/2026\/02\/sifon-japones-1.jpg\",\"datePublished\":\"2026-02-05T14:40:57+00:00\",\"dateModified\":\"2026-02-07T16:03:08+00:00\",\"breadcrumb\":{\"@id\":\"https:\/\/uwacafe.com\/fr\/producto\/siphon-japonais\/#breadcrumb\"},\"inLanguage\":\"fr-FR\",\"potentialAction\":[{\"@type\":\"ReadAction\",\"target\":[\"https:\/\/uwacafe.com\/fr\/producto\/siphon-japonais\/\"]}]},{\"@type\":\"ImageObject\",\"inLanguage\":\"fr-FR\",\"@id\":\"https:\/\/uwacafe.com\/fr\/producto\/siphon-japonais\/#primaryimage\",\"url\":\"https:\/\/uwacafe.com\/wp-content\/uploads\/2026\/02\/sifon-japones-1.jpg\",\"contentUrl\":\"https:\/\/uwacafe.com\/wp-content\/uploads\/2026\/02\/sifon-japones-1.jpg\",\"width\":1200,\"height\":1700},{\"@type\":\"BreadcrumbList\",\"@id\":\"https:\/\/uwacafe.com\/fr\/producto\/siphon-japonais\/#breadcrumb\",\"itemListElement\":[{\"@type\":\"ListItem\",\"position\":1,\"name\":\"Portada\",\"item\":\"https:\/\/uwacafe.com\/fr\/homepage\/\"},{\"@type\":\"ListItem\",\"position\":2,\"name\":\"Boutique\",\"item\":\"https:\/\/uwacafe.com\/fr\/boutique\/\"},{\"@type\":\"ListItem\",\"position\":3,\"name\":\"SIPHON JAPONAIS\"}]},{\"@type\":\"WebSite\",\"@id\":\"https:\/\/uwacafe.com\/#website\",\"url\":\"https:\/\/uwacafe.com\/\",\"name\":\"U'WA Caf\u00e9\",\"description\":\"\",\"publisher\":{\"@id\":\"https:\/\/uwacafe.com\/#organization\"},\"potentialAction\":[{\"@type\":\"SearchAction\",\"target\":{\"@type\":\"EntryPoint\",\"urlTemplate\":\"https:\/\/uwacafe.com\/?s={search_term_string}\"},\"query-input\":{\"@type\":\"PropertyValueSpecification\",\"valueRequired\":true,\"valueName\":\"search_term_string\"}}],\"inLanguage\":\"fr-FR\"},{\"@type\":\"Organization\",\"@id\":\"https:\/\/uwacafe.com\/#organization\",\"name\":\"U'WA Caf\u00e9\",\"url\":\"https:\/\/uwacafe.com\/\",\"logo\":{\"@type\":\"ImageObject\",\"inLanguage\":\"fr-FR\",\"@id\":\"https:\/\/uwacafe.com\/#\/schema\/logo\/image\/\",\"url\":\"https:\/\/uwacafe.com\/wp-content\/uploads\/2025\/07\/logo-header-510.png\",\"contentUrl\":\"https:\/\/uwacafe.com\/wp-content\/uploads\/2025\/07\/logo-header-510.png\",\"width\":510,\"height\":340,\"caption\":\"U'WA Caf\u00e9\"},\"image\":{\"@id\":\"https:\/\/uwacafe.com\/#\/schema\/logo\/image\/\"},\"sameAs\":[\"https:\/\/www.facebook.com\/profile.php?id=61569251725677\"]}]}<\/script>\n<!-- \/ Yoast SEO plugin. -->","yoast_head_json":{"title":"SIPHON JAPONAIS - UWA Caf\u00e9","robots":{"index":"index","follow":"follow","max-snippet":"max-snippet:-1","max-image-preview":"max-image-preview:large","max-video-preview":"max-video-preview:-1"},"canonical":"https:\/\/uwacafe.com\/fr\/producto\/siphon-japonais\/","og_locale":"fr_FR","og_type":"article","og_title":"SIPHON JAPONAIS - UWA Caf\u00e9","og_description":"D\u00e9couvrez la magie du caf\u00e9 de sp\u00e9cialit\u00e9 avec notre siphon japonais. La flamme et la vapeur qui s\u2019\u00e9l\u00e8vent transforment la pr\u00e9paration en un spectacle visuel fascinant, tandis que l\u2019extraction par d\u00e9pression r\u00e9v\u00e8le un caf\u00e9 d\u00e9licat, aromatique et riche en nuances, offrant une exp\u00e9rience sensorielle unique \u00e0 chaque tasse.","og_url":"https:\/\/uwacafe.com\/fr\/producto\/siphon-japonais\/","og_site_name":"UWA Caf\u00e9","article_publisher":"https:\/\/www.facebook.com\/profile.php?id=61569251725677","article_modified_time":"2026-02-07T16:03:08+00:00","og_image":[{"width":1200,"height":1700,"url":"https:\/\/uwacafe.com\/wp-content\/uploads\/2026\/02\/sifon-japones-1.jpg","type":"image\/jpeg"}],"twitter_card":"summary_large_image","schema":{"@context":"https:\/\/schema.org","@graph":[{"@type":"WebPage","@id":"https:\/\/uwacafe.com\/fr\/producto\/siphon-japonais\/","url":"https:\/\/uwacafe.com\/fr\/producto\/siphon-japonais\/","name":"SIPHON JAPONAIS - UWA Caf\u00e9","isPartOf":{"@id":"https:\/\/uwacafe.com\/#website"},"primaryImageOfPage":{"@id":"https:\/\/uwacafe.com\/fr\/producto\/siphon-japonais\/#primaryimage"},"image":{"@id":"https:\/\/uwacafe.com\/fr\/producto\/siphon-japonais\/#primaryimage"},"thumbnailUrl":"https:\/\/uwacafe.com\/wp-content\/uploads\/2026\/02\/sifon-japones-1.jpg","datePublished":"2026-02-05T14:40:57+00:00","dateModified":"2026-02-07T16:03:08+00:00","breadcrumb":{"@id":"https:\/\/uwacafe.com\/fr\/producto\/siphon-japonais\/#breadcrumb"},"inLanguage":"fr-FR","potentialAction":[{"@type":"ReadAction","target":["https:\/\/uwacafe.com\/fr\/producto\/siphon-japonais\/"]}]},{"@type":"ImageObject","inLanguage":"fr-FR","@id":"https:\/\/uwacafe.com\/fr\/producto\/siphon-japonais\/#primaryimage","url":"https:\/\/uwacafe.com\/wp-content\/uploads\/2026\/02\/sifon-japones-1.jpg","contentUrl":"https:\/\/uwacafe.com\/wp-content\/uploads\/2026\/02\/sifon-japones-1.jpg","width":1200,"height":1700},{"@type":"BreadcrumbList","@id":"https:\/\/uwacafe.com\/fr\/producto\/siphon-japonais\/#breadcrumb","itemListElement":[{"@type":"ListItem","position":1,"name":"Portada","item":"https:\/\/uwacafe.com\/fr\/homepage\/"},{"@type":"ListItem","position":2,"name":"Boutique","item":"https:\/\/uwacafe.com\/fr\/boutique\/"},{"@type":"ListItem","position":3,"name":"SIPHON JAPONAIS"}]},{"@type":"WebSite","@id":"https:\/\/uwacafe.com\/#website","url":"https:\/\/uwacafe.com\/","name":"U'WA Caf\u00e9","description":"","publisher":{"@id":"https:\/\/uwacafe.com\/#organization"},"potentialAction":[{"@type":"SearchAction","target":{"@type":"EntryPoint","urlTemplate":"https:\/\/uwacafe.com\/?s={search_term_string}"},"query-input":{"@type":"PropertyValueSpecification","valueRequired":true,"valueName":"search_term_string"}}],"inLanguage":"fr-FR"},{"@type":"Organization","@id":"https:\/\/uwacafe.com\/#organization","name":"U'WA Caf\u00e9","url":"https:\/\/uwacafe.com\/","logo":{"@type":"ImageObject","inLanguage":"fr-FR","@id":"https:\/\/uwacafe.com\/#\/schema\/logo\/image\/","url":"https:\/\/uwacafe.com\/wp-content\/uploads\/2025\/07\/logo-header-510.png","contentUrl":"https:\/\/uwacafe.com\/wp-content\/uploads\/2025\/07\/logo-header-510.png","width":510,"height":340,"caption":"U'WA Caf\u00e9"},"image":{"@id":"https:\/\/uwacafe.com\/#\/schema\/logo\/image\/"},"sameAs":["https:\/\/www.facebook.com\/profile.php?id=61569251725677"]}]}},"_links":{"self":[{"href":"https:\/\/uwacafe.com\/fr\/wp-json\/wp\/v2\/product\/3471","targetHints":{"allow":["GET"]}}],"collection":[{"href":"https:\/\/uwacafe.com\/fr\/wp-json\/wp\/v2\/product"}],"about":[{"href":"https:\/\/uwacafe.com\/fr\/wp-json\/wp\/v2\/types\/product"}],"replies":[{"embeddable":true,"href":"https:\/\/uwacafe.com\/fr\/wp-json\/wp\/v2\/comments?post=3471"}],"version-history":[{"count":2,"href":"https:\/\/uwacafe.com\/fr\/wp-json\/wp\/v2\/product\/3471\/revisions"}],"predecessor-version":[{"id":4055,"href":"https:\/\/uwacafe.com\/fr\/wp-json\/wp\/v2\/product\/3471\/revisions\/4055"}],"wp:featuredmedia":[{"embeddable":true,"href":"https:\/\/uwacafe.com\/fr\/wp-json\/wp\/v2\/media\/3377"}],"wp:attachment":[{"href":"https:\/\/uwacafe.com\/fr\/wp-json\/wp\/v2\/media?parent=3471"}],"wp:term":[{"taxonomy":"product_brand","embeddable":true,"href":"https:\/\/uwacafe.com\/fr\/wp-json\/wp\/v2\/product_brand?post=3471"},{"taxonomy":"product_cat","embeddable":true,"href":"https:\/\/uwacafe.com\/fr\/wp-json\/wp\/v2\/product_cat?post=3471"},{"taxonomy":"product_tag","embeddable":true,"href":"https:\/\/uwacafe.com\/fr\/wp-json\/wp\/v2\/product_tag?post=3471"}],"curies":[{"name":"wp","href":"https:\/\/api.w.org\/{rel}","templated":true}]}}