{"id":3436,"date":"2026-02-05T07:38:51","date_gmt":"2026-02-05T12:38:51","guid":{"rendered":"https:\/\/uwacafe.com\/producto\/cafetiere-filtre-en-ceramique\/"},"modified":"2026-03-04T10:32:02","modified_gmt":"2026-03-04T15:32:02","slug":"cafetiere-filtre-en-ceramique","status":"publish","type":"product","link":"https:\/\/uwacafe.com\/fr\/produit\/cafetiere-filtre-en-ceramique\/","title":{"rendered":"Cafeti\u00e8re filtre en c\u00e9ramique"},"content":{"rendered":"<p>Notre cafeti\u00e8re en c\u00e9ramique offre une extraction douce et stable, id\u00e9ale pour r\u00e9v\u00e9ler toute la finesse du caf\u00e9 de sp\u00e9cialit\u00e9. Sa mati\u00e8re conserve la chaleur et met en valeur la puret\u00e9 des ar\u00f4mes.  <\/p>\n","protected":false},"excerpt":{"rendered":"<p>Notre cafeti\u00e8re en c\u00e9ramique offre une extraction douce et stable, id\u00e9ale pour r\u00e9v\u00e9ler toute la finesse du caf\u00e9 de sp\u00e9cialit\u00e9. Sa mati\u00e8re conserve la chaleur et met en valeur la puret\u00e9 des ar\u00f4mes.  <\/p>\n","protected":false},"featured_media":3351,"comment_status":"open","ping_status":"closed","template":"","meta":[],"product_brand":[],"product_cat":[115],"product_tag":[116],"class_list":{"0":"post-3436","1":"product","2":"type-product","3":"status-publish","4":"has-post-thumbnail","6":"product_cat-cafeinees","7":"product_tag-cafeine","9":"first","10":"instock","11":"shipping-taxable","12":"purchasable","13":"product-type-variable"},"yoast_head":"<!-- This site is optimized with the Yoast SEO plugin v27.0 - https:\/\/yoast.com\/product\/yoast-seo-wordpress\/ -->\n<title>Cafeti\u00e8re filtre en c\u00e9ramique - UWA Caf\u00e9<\/title>\n<meta name=\"robots\" content=\"index, follow, max-snippet:-1, max-image-preview:large, max-video-preview:-1\" \/>\n<link rel=\"canonical\" href=\"https:\/\/uwacafe.com\/fr\/produit\/cafetiere-filtre-en-ceramique\/\" \/>\n<meta property=\"og:locale\" content=\"fr_FR\" \/>\n<meta property=\"og:type\" content=\"article\" \/>\n<meta property=\"og:title\" content=\"Cafeti\u00e8re filtre en c\u00e9ramique - UWA Caf\u00e9\" \/>\n<meta property=\"og:description\" content=\"Notre cafeti\u00e8re en c\u00e9ramique offre une extraction douce et stable, id\u00e9ale pour r\u00e9v\u00e9ler toute la finesse du caf\u00e9 de sp\u00e9cialit\u00e9. Sa mati\u00e8re conserve la chaleur et met en valeur la puret\u00e9 des ar\u00f4mes.\" \/>\n<meta property=\"og:url\" content=\"https:\/\/uwacafe.com\/fr\/produit\/cafetiere-filtre-en-ceramique\/\" \/>\n<meta property=\"og:site_name\" content=\"UWA Caf\u00e9\" \/>\n<meta property=\"article:publisher\" content=\"https:\/\/www.facebook.com\/profile.php?id=61569251725677\" \/>\n<meta property=\"article:modified_time\" content=\"2026-03-04T15:32:02+00:00\" \/>\n<meta property=\"og:image\" content=\"https:\/\/uwacafe.com\/wp-content\/uploads\/2026\/02\/cafetera-ceramica-1.jpg\" \/>\n\t<meta property=\"og:image:width\" content=\"1200\" \/>\n\t<meta property=\"og:image:height\" content=\"1700\" \/>\n\t<meta property=\"og:image:type\" content=\"image\/jpeg\" \/>\n<meta name=\"twitter:card\" content=\"summary_large_image\" \/>\n<script type=\"application\/ld+json\" class=\"yoast-schema-graph\">{\"@context\":\"https:\/\/schema.org\",\"@graph\":[{\"@type\":\"WebPage\",\"@id\":\"https:\/\/uwacafe.com\/fr\/produit\/cafetiere-filtre-en-ceramique\/\",\"url\":\"https:\/\/uwacafe.com\/fr\/produit\/cafetiere-filtre-en-ceramique\/\",\"name\":\"Cafeti\u00e8re filtre en c\u00e9ramique - UWA Caf\u00e9\",\"isPartOf\":{\"@id\":\"https:\/\/uwacafe.com\/#website\"},\"primaryImageOfPage\":{\"@id\":\"https:\/\/uwacafe.com\/fr\/produit\/cafetiere-filtre-en-ceramique\/#primaryimage\"},\"image\":{\"@id\":\"https:\/\/uwacafe.com\/fr\/produit\/cafetiere-filtre-en-ceramique\/#primaryimage\"},\"thumbnailUrl\":\"https:\/\/uwacafe.com\/wp-content\/uploads\/2026\/02\/cafetera-ceramica-1.jpg\",\"datePublished\":\"2026-02-05T12:38:51+00:00\",\"dateModified\":\"2026-03-04T15:32:02+00:00\",\"breadcrumb\":{\"@id\":\"https:\/\/uwacafe.com\/fr\/produit\/cafetiere-filtre-en-ceramique\/#breadcrumb\"},\"inLanguage\":\"fr-FR\",\"potentialAction\":[{\"@type\":\"ReadAction\",\"target\":[\"https:\/\/uwacafe.com\/fr\/produit\/cafetiere-filtre-en-ceramique\/\"]}]},{\"@type\":\"ImageObject\",\"inLanguage\":\"fr-FR\",\"@id\":\"https:\/\/uwacafe.com\/fr\/produit\/cafetiere-filtre-en-ceramique\/#primaryimage\",\"url\":\"https:\/\/uwacafe.com\/wp-content\/uploads\/2026\/02\/cafetera-ceramica-1.jpg\",\"contentUrl\":\"https:\/\/uwacafe.com\/wp-content\/uploads\/2026\/02\/cafetera-ceramica-1.jpg\",\"width\":1200,\"height\":1700},{\"@type\":\"BreadcrumbList\",\"@id\":\"https:\/\/uwacafe.com\/fr\/produit\/cafetiere-filtre-en-ceramique\/#breadcrumb\",\"itemListElement\":[{\"@type\":\"ListItem\",\"position\":1,\"name\":\"Portada\",\"item\":\"https:\/\/uwacafe.com\/fr\/homepage\/\"},{\"@type\":\"ListItem\",\"position\":2,\"name\":\"Boutique\",\"item\":\"https:\/\/uwacafe.com\/fr\/boutique\/\"},{\"@type\":\"ListItem\",\"position\":3,\"name\":\"Cafeti\u00e8re filtre en c\u00e9ramique\"}]},{\"@type\":\"WebSite\",\"@id\":\"https:\/\/uwacafe.com\/#website\",\"url\":\"https:\/\/uwacafe.com\/\",\"name\":\"U'WA Caf\u00e9\",\"description\":\"\",\"publisher\":{\"@id\":\"https:\/\/uwacafe.com\/#organization\"},\"potentialAction\":[{\"@type\":\"SearchAction\",\"target\":{\"@type\":\"EntryPoint\",\"urlTemplate\":\"https:\/\/uwacafe.com\/?s={search_term_string}\"},\"query-input\":{\"@type\":\"PropertyValueSpecification\",\"valueRequired\":true,\"valueName\":\"search_term_string\"}}],\"inLanguage\":\"fr-FR\"},{\"@type\":\"Organization\",\"@id\":\"https:\/\/uwacafe.com\/#organization\",\"name\":\"U'WA Caf\u00e9\",\"url\":\"https:\/\/uwacafe.com\/\",\"logo\":{\"@type\":\"ImageObject\",\"inLanguage\":\"fr-FR\",\"@id\":\"https:\/\/uwacafe.com\/#\/schema\/logo\/image\/\",\"url\":\"https:\/\/uwacafe.com\/wp-content\/uploads\/2025\/07\/logo-header-510.png\",\"contentUrl\":\"https:\/\/uwacafe.com\/wp-content\/uploads\/2025\/07\/logo-header-510.png\",\"width\":510,\"height\":340,\"caption\":\"U'WA Caf\u00e9\"},\"image\":{\"@id\":\"https:\/\/uwacafe.com\/#\/schema\/logo\/image\/\"},\"sameAs\":[\"https:\/\/www.facebook.com\/profile.php?id=61569251725677\"]}]}<\/script>\n<!-- \/ Yoast SEO plugin. -->","yoast_head_json":{"title":"Cafeti\u00e8re filtre en c\u00e9ramique - UWA Caf\u00e9","robots":{"index":"index","follow":"follow","max-snippet":"max-snippet:-1","max-image-preview":"max-image-preview:large","max-video-preview":"max-video-preview:-1"},"canonical":"https:\/\/uwacafe.com\/fr\/produit\/cafetiere-filtre-en-ceramique\/","og_locale":"fr_FR","og_type":"article","og_title":"Cafeti\u00e8re filtre en c\u00e9ramique - UWA Caf\u00e9","og_description":"Notre cafeti\u00e8re en c\u00e9ramique offre une extraction douce et stable, id\u00e9ale pour r\u00e9v\u00e9ler toute la finesse du caf\u00e9 de sp\u00e9cialit\u00e9. Sa mati\u00e8re conserve la chaleur et met en valeur la puret\u00e9 des ar\u00f4mes.","og_url":"https:\/\/uwacafe.com\/fr\/produit\/cafetiere-filtre-en-ceramique\/","og_site_name":"UWA Caf\u00e9","article_publisher":"https:\/\/www.facebook.com\/profile.php?id=61569251725677","article_modified_time":"2026-03-04T15:32:02+00:00","og_image":[{"width":1200,"height":1700,"url":"https:\/\/uwacafe.com\/wp-content\/uploads\/2026\/02\/cafetera-ceramica-1.jpg","type":"image\/jpeg"}],"twitter_card":"summary_large_image","schema":{"@context":"https:\/\/schema.org","@graph":[{"@type":"WebPage","@id":"https:\/\/uwacafe.com\/fr\/produit\/cafetiere-filtre-en-ceramique\/","url":"https:\/\/uwacafe.com\/fr\/produit\/cafetiere-filtre-en-ceramique\/","name":"Cafeti\u00e8re filtre en c\u00e9ramique - UWA Caf\u00e9","isPartOf":{"@id":"https:\/\/uwacafe.com\/#website"},"primaryImageOfPage":{"@id":"https:\/\/uwacafe.com\/fr\/produit\/cafetiere-filtre-en-ceramique\/#primaryimage"},"image":{"@id":"https:\/\/uwacafe.com\/fr\/produit\/cafetiere-filtre-en-ceramique\/#primaryimage"},"thumbnailUrl":"https:\/\/uwacafe.com\/wp-content\/uploads\/2026\/02\/cafetera-ceramica-1.jpg","datePublished":"2026-02-05T12:38:51+00:00","dateModified":"2026-03-04T15:32:02+00:00","breadcrumb":{"@id":"https:\/\/uwacafe.com\/fr\/produit\/cafetiere-filtre-en-ceramique\/#breadcrumb"},"inLanguage":"fr-FR","potentialAction":[{"@type":"ReadAction","target":["https:\/\/uwacafe.com\/fr\/produit\/cafetiere-filtre-en-ceramique\/"]}]},{"@type":"ImageObject","inLanguage":"fr-FR","@id":"https:\/\/uwacafe.com\/fr\/produit\/cafetiere-filtre-en-ceramique\/#primaryimage","url":"https:\/\/uwacafe.com\/wp-content\/uploads\/2026\/02\/cafetera-ceramica-1.jpg","contentUrl":"https:\/\/uwacafe.com\/wp-content\/uploads\/2026\/02\/cafetera-ceramica-1.jpg","width":1200,"height":1700},{"@type":"BreadcrumbList","@id":"https:\/\/uwacafe.com\/fr\/produit\/cafetiere-filtre-en-ceramique\/#breadcrumb","itemListElement":[{"@type":"ListItem","position":1,"name":"Portada","item":"https:\/\/uwacafe.com\/fr\/homepage\/"},{"@type":"ListItem","position":2,"name":"Boutique","item":"https:\/\/uwacafe.com\/fr\/boutique\/"},{"@type":"ListItem","position":3,"name":"Cafeti\u00e8re filtre en c\u00e9ramique"}]},{"@type":"WebSite","@id":"https:\/\/uwacafe.com\/#website","url":"https:\/\/uwacafe.com\/","name":"U'WA Caf\u00e9","description":"","publisher":{"@id":"https:\/\/uwacafe.com\/#organization"},"potentialAction":[{"@type":"SearchAction","target":{"@type":"EntryPoint","urlTemplate":"https:\/\/uwacafe.com\/?s={search_term_string}"},"query-input":{"@type":"PropertyValueSpecification","valueRequired":true,"valueName":"search_term_string"}}],"inLanguage":"fr-FR"},{"@type":"Organization","@id":"https:\/\/uwacafe.com\/#organization","name":"U'WA Caf\u00e9","url":"https:\/\/uwacafe.com\/","logo":{"@type":"ImageObject","inLanguage":"fr-FR","@id":"https:\/\/uwacafe.com\/#\/schema\/logo\/image\/","url":"https:\/\/uwacafe.com\/wp-content\/uploads\/2025\/07\/logo-header-510.png","contentUrl":"https:\/\/uwacafe.com\/wp-content\/uploads\/2025\/07\/logo-header-510.png","width":510,"height":340,"caption":"U'WA Caf\u00e9"},"image":{"@id":"https:\/\/uwacafe.com\/#\/schema\/logo\/image\/"},"sameAs":["https:\/\/www.facebook.com\/profile.php?id=61569251725677"]}]}},"_links":{"self":[{"href":"https:\/\/uwacafe.com\/fr\/wp-json\/wp\/v2\/product\/3436","targetHints":{"allow":["GET"]}}],"collection":[{"href":"https:\/\/uwacafe.com\/fr\/wp-json\/wp\/v2\/product"}],"about":[{"href":"https:\/\/uwacafe.com\/fr\/wp-json\/wp\/v2\/types\/product"}],"replies":[{"embeddable":true,"href":"https:\/\/uwacafe.com\/fr\/wp-json\/wp\/v2\/comments?post=3436"}],"version-history":[{"count":3,"href":"https:\/\/uwacafe.com\/fr\/wp-json\/wp\/v2\/product\/3436\/revisions"}],"predecessor-version":[{"id":4559,"href":"https:\/\/uwacafe.com\/fr\/wp-json\/wp\/v2\/product\/3436\/revisions\/4559"}],"wp:featuredmedia":[{"embeddable":true,"href":"https:\/\/uwacafe.com\/fr\/wp-json\/wp\/v2\/media\/3351"}],"wp:attachment":[{"href":"https:\/\/uwacafe.com\/fr\/wp-json\/wp\/v2\/media?parent=3436"}],"wp:term":[{"taxonomy":"product_brand","embeddable":true,"href":"https:\/\/uwacafe.com\/fr\/wp-json\/wp\/v2\/product_brand?post=3436"},{"taxonomy":"product_cat","embeddable":true,"href":"https:\/\/uwacafe.com\/fr\/wp-json\/wp\/v2\/product_cat?post=3436"},{"taxonomy":"product_tag","embeddable":true,"href":"https:\/\/uwacafe.com\/fr\/wp-json\/wp\/v2\/product_tag?post=3436"}],"curies":[{"name":"wp","href":"https:\/\/api.w.org\/{rel}","templated":true}]}}