{"id":3243,"date":"2026-02-04T09:19:45","date_gmt":"2026-02-04T14:19:45","guid":{"rendered":"https:\/\/uwacafe.com\/producto\/liqueur-de-cafe\/"},"modified":"2026-02-04T09:19:45","modified_gmt":"2026-02-04T14:19:45","slug":"liqueur-de-cafe","status":"publish","type":"product","link":"https:\/\/uwacafe.com\/fr\/produit\/liqueur-de-cafe\/","title":{"rendered":"Liqueur de caf\u00e9"},"content":{"rendered":"","protected":false},"excerpt":{"rendered":"<p>Au c\u0153ur des montagnes de Cundinamarca, \u00e0 1900 m d\u2019altitude, notre caf\u00e9 Typica<span style=\"font-weight: 400;\"> grandit au rythme du travail patient de petits producteurs.  <\/span>Ensemble, dans un \u00e9change simple et sinc\u00e8re, nous donnons vie \u00e0 une liqueur de caf\u00e9 d\u00e9licate et authentique.<\/p>\n","protected":false},"featured_media":4412,"comment_status":"open","ping_status":"closed","template":"","meta":[],"product_brand":[],"product_cat":[98],"product_tag":[99],"class_list":{"0":"post-3243","1":"product","2":"type-product","3":"status-publish","4":"has-post-thumbnail","6":"product_cat-liqueurs","7":"product_tag-liqueurs","9":"first","10":"instock","11":"shipping-taxable","12":"purchasable","13":"product-type-simple"},"yoast_head":"<!-- This site is optimized with the Yoast SEO plugin v27.0 - https:\/\/yoast.com\/product\/yoast-seo-wordpress\/ -->\n<title>Liqueur de caf\u00e9 - UWA Caf\u00e9<\/title>\n<meta name=\"description\" content=\"Au c\u0153ur des montagnes de Cundinamarca, \u00e0 1900 m d\u2019altitude, notre caf\u00e9 Typica grandit au rythme du travail patient de petits producteurs. Ensemble, dans un \u00e9change simple et sinc\u00e8re, nous donnons vie \u00e0 une liqueur de caf\u00e9 d\u00e9licate et authentique.\" \/>\n<meta name=\"robots\" content=\"index, follow, max-snippet:-1, max-image-preview:large, max-video-preview:-1\" \/>\n<link rel=\"canonical\" href=\"https:\/\/uwacafe.com\/fr\/producto\/liqueur-de-cafe\/\" \/>\n<meta property=\"og:locale\" content=\"fr_FR\" \/>\n<meta property=\"og:type\" content=\"article\" \/>\n<meta property=\"og:title\" content=\"Liqueur de caf\u00e9 - UWA Caf\u00e9\" \/>\n<meta property=\"og:description\" content=\"Au c\u0153ur des montagnes de Cundinamarca, \u00e0 1900 m d\u2019altitude, notre caf\u00e9 Typica grandit au rythme du travail patient de petits producteurs. Ensemble, dans un \u00e9change simple et sinc\u00e8re, nous donnons vie \u00e0 une liqueur de caf\u00e9 d\u00e9licate et authentique.\" \/>\n<meta property=\"og:url\" content=\"https:\/\/uwacafe.com\/fr\/producto\/liqueur-de-cafe\/\" \/>\n<meta property=\"og:site_name\" content=\"UWA Caf\u00e9\" \/>\n<meta property=\"article:publisher\" content=\"https:\/\/www.facebook.com\/profile.php?id=61569251725677\" \/>\n<meta property=\"og:image\" content=\"https:\/\/uwacafe.com\/wp-content\/uploads\/2026\/02\/licor-de-cafe-1-scaled.jpg\" \/>\n\t<meta property=\"og:image:width\" content=\"2560\" \/>\n\t<meta property=\"og:image:height\" content=\"2560\" \/>\n\t<meta property=\"og:image:type\" content=\"image\/jpeg\" \/>\n<meta name=\"twitter:card\" content=\"summary_large_image\" \/>\n<script type=\"application\/ld+json\" class=\"yoast-schema-graph\">{\"@context\":\"https:\/\/schema.org\",\"@graph\":[{\"@type\":\"WebPage\",\"@id\":\"https:\/\/uwacafe.com\/fr\/producto\/liqueur-de-cafe\/\",\"url\":\"https:\/\/uwacafe.com\/fr\/producto\/liqueur-de-cafe\/\",\"name\":\"Liqueur de caf\u00e9 - UWA Caf\u00e9\",\"isPartOf\":{\"@id\":\"https:\/\/uwacafe.com\/#website\"},\"primaryImageOfPage\":{\"@id\":\"https:\/\/uwacafe.com\/fr\/producto\/liqueur-de-cafe\/#primaryimage\"},\"image\":{\"@id\":\"https:\/\/uwacafe.com\/fr\/producto\/liqueur-de-cafe\/#primaryimage\"},\"thumbnailUrl\":\"https:\/\/uwacafe.com\/wp-content\/uploads\/2026\/02\/Licor_1.webp\",\"datePublished\":\"2026-02-04T14:19:45+00:00\",\"description\":\"Au c\u0153ur des montagnes de Cundinamarca, \u00e0 1900 m d\u2019altitude, notre caf\u00e9 Typica grandit au rythme du travail patient de petits producteurs. Ensemble, dans un \u00e9change simple et sinc\u00e8re, nous donnons vie \u00e0 une liqueur de caf\u00e9 d\u00e9licate et authentique.\",\"breadcrumb\":{\"@id\":\"https:\/\/uwacafe.com\/fr\/producto\/liqueur-de-cafe\/#breadcrumb\"},\"inLanguage\":\"fr-FR\",\"potentialAction\":[{\"@type\":\"ReadAction\",\"target\":[\"https:\/\/uwacafe.com\/fr\/producto\/liqueur-de-cafe\/\"]}]},{\"@type\":\"ImageObject\",\"inLanguage\":\"fr-FR\",\"@id\":\"https:\/\/uwacafe.com\/fr\/producto\/liqueur-de-cafe\/#primaryimage\",\"url\":\"https:\/\/uwacafe.com\/wp-content\/uploads\/2026\/02\/Licor_1.webp\",\"contentUrl\":\"https:\/\/uwacafe.com\/wp-content\/uploads\/2026\/02\/Licor_1.webp\",\"width\":450,\"height\":550},{\"@type\":\"BreadcrumbList\",\"@id\":\"https:\/\/uwacafe.com\/fr\/producto\/liqueur-de-cafe\/#breadcrumb\",\"itemListElement\":[{\"@type\":\"ListItem\",\"position\":1,\"name\":\"Portada\",\"item\":\"https:\/\/uwacafe.com\/fr\/homepage\/\"},{\"@type\":\"ListItem\",\"position\":2,\"name\":\"Boutique\",\"item\":\"https:\/\/uwacafe.com\/fr\/boutique\/\"},{\"@type\":\"ListItem\",\"position\":3,\"name\":\"Liqueur de caf\u00e9\"}]},{\"@type\":\"WebSite\",\"@id\":\"https:\/\/uwacafe.com\/#website\",\"url\":\"https:\/\/uwacafe.com\/\",\"name\":\"U'WA Caf\u00e9\",\"description\":\"\",\"publisher\":{\"@id\":\"https:\/\/uwacafe.com\/#organization\"},\"potentialAction\":[{\"@type\":\"SearchAction\",\"target\":{\"@type\":\"EntryPoint\",\"urlTemplate\":\"https:\/\/uwacafe.com\/?s={search_term_string}\"},\"query-input\":{\"@type\":\"PropertyValueSpecification\",\"valueRequired\":true,\"valueName\":\"search_term_string\"}}],\"inLanguage\":\"fr-FR\"},{\"@type\":\"Organization\",\"@id\":\"https:\/\/uwacafe.com\/#organization\",\"name\":\"U'WA Caf\u00e9\",\"url\":\"https:\/\/uwacafe.com\/\",\"logo\":{\"@type\":\"ImageObject\",\"inLanguage\":\"fr-FR\",\"@id\":\"https:\/\/uwacafe.com\/#\/schema\/logo\/image\/\",\"url\":\"https:\/\/uwacafe.com\/wp-content\/uploads\/2025\/07\/logo-header-510.png\",\"contentUrl\":\"https:\/\/uwacafe.com\/wp-content\/uploads\/2025\/07\/logo-header-510.png\",\"width\":510,\"height\":340,\"caption\":\"U'WA Caf\u00e9\"},\"image\":{\"@id\":\"https:\/\/uwacafe.com\/#\/schema\/logo\/image\/\"},\"sameAs\":[\"https:\/\/www.facebook.com\/profile.php?id=61569251725677\"]}]}<\/script>\n<!-- \/ Yoast SEO plugin. -->","yoast_head_json":{"title":"Liqueur de caf\u00e9 - UWA Caf\u00e9","description":"Au c\u0153ur des montagnes de Cundinamarca, \u00e0 1900 m d\u2019altitude, notre caf\u00e9 Typica grandit au rythme du travail patient de petits producteurs. Ensemble, dans un \u00e9change simple et sinc\u00e8re, nous donnons vie \u00e0 une liqueur de caf\u00e9 d\u00e9licate et authentique.","robots":{"index":"index","follow":"follow","max-snippet":"max-snippet:-1","max-image-preview":"max-image-preview:large","max-video-preview":"max-video-preview:-1"},"canonical":"https:\/\/uwacafe.com\/fr\/producto\/liqueur-de-cafe\/","og_locale":"fr_FR","og_type":"article","og_title":"Liqueur de caf\u00e9 - UWA Caf\u00e9","og_description":"Au c\u0153ur des montagnes de Cundinamarca, \u00e0 1900 m d\u2019altitude, notre caf\u00e9 Typica grandit au rythme du travail patient de petits producteurs. Ensemble, dans un \u00e9change simple et sinc\u00e8re, nous donnons vie \u00e0 une liqueur de caf\u00e9 d\u00e9licate et authentique.","og_url":"https:\/\/uwacafe.com\/fr\/producto\/liqueur-de-cafe\/","og_site_name":"UWA Caf\u00e9","article_publisher":"https:\/\/www.facebook.com\/profile.php?id=61569251725677","og_image":[{"width":2560,"height":2560,"url":"https:\/\/uwacafe.com\/wp-content\/uploads\/2026\/02\/licor-de-cafe-1-scaled.jpg","type":"image\/jpeg"}],"twitter_card":"summary_large_image","schema":{"@context":"https:\/\/schema.org","@graph":[{"@type":"WebPage","@id":"https:\/\/uwacafe.com\/fr\/producto\/liqueur-de-cafe\/","url":"https:\/\/uwacafe.com\/fr\/producto\/liqueur-de-cafe\/","name":"Liqueur de caf\u00e9 - UWA Caf\u00e9","isPartOf":{"@id":"https:\/\/uwacafe.com\/#website"},"primaryImageOfPage":{"@id":"https:\/\/uwacafe.com\/fr\/producto\/liqueur-de-cafe\/#primaryimage"},"image":{"@id":"https:\/\/uwacafe.com\/fr\/producto\/liqueur-de-cafe\/#primaryimage"},"thumbnailUrl":"https:\/\/uwacafe.com\/wp-content\/uploads\/2026\/02\/Licor_1.webp","datePublished":"2026-02-04T14:19:45+00:00","description":"Au c\u0153ur des montagnes de Cundinamarca, \u00e0 1900 m d\u2019altitude, notre caf\u00e9 Typica grandit au rythme du travail patient de petits producteurs. Ensemble, dans un \u00e9change simple et sinc\u00e8re, nous donnons vie \u00e0 une liqueur de caf\u00e9 d\u00e9licate et authentique.","breadcrumb":{"@id":"https:\/\/uwacafe.com\/fr\/producto\/liqueur-de-cafe\/#breadcrumb"},"inLanguage":"fr-FR","potentialAction":[{"@type":"ReadAction","target":["https:\/\/uwacafe.com\/fr\/producto\/liqueur-de-cafe\/"]}]},{"@type":"ImageObject","inLanguage":"fr-FR","@id":"https:\/\/uwacafe.com\/fr\/producto\/liqueur-de-cafe\/#primaryimage","url":"https:\/\/uwacafe.com\/wp-content\/uploads\/2026\/02\/Licor_1.webp","contentUrl":"https:\/\/uwacafe.com\/wp-content\/uploads\/2026\/02\/Licor_1.webp","width":450,"height":550},{"@type":"BreadcrumbList","@id":"https:\/\/uwacafe.com\/fr\/producto\/liqueur-de-cafe\/#breadcrumb","itemListElement":[{"@type":"ListItem","position":1,"name":"Portada","item":"https:\/\/uwacafe.com\/fr\/homepage\/"},{"@type":"ListItem","position":2,"name":"Boutique","item":"https:\/\/uwacafe.com\/fr\/boutique\/"},{"@type":"ListItem","position":3,"name":"Liqueur de caf\u00e9"}]},{"@type":"WebSite","@id":"https:\/\/uwacafe.com\/#website","url":"https:\/\/uwacafe.com\/","name":"U'WA Caf\u00e9","description":"","publisher":{"@id":"https:\/\/uwacafe.com\/#organization"},"potentialAction":[{"@type":"SearchAction","target":{"@type":"EntryPoint","urlTemplate":"https:\/\/uwacafe.com\/?s={search_term_string}"},"query-input":{"@type":"PropertyValueSpecification","valueRequired":true,"valueName":"search_term_string"}}],"inLanguage":"fr-FR"},{"@type":"Organization","@id":"https:\/\/uwacafe.com\/#organization","name":"U'WA Caf\u00e9","url":"https:\/\/uwacafe.com\/","logo":{"@type":"ImageObject","inLanguage":"fr-FR","@id":"https:\/\/uwacafe.com\/#\/schema\/logo\/image\/","url":"https:\/\/uwacafe.com\/wp-content\/uploads\/2025\/07\/logo-header-510.png","contentUrl":"https:\/\/uwacafe.com\/wp-content\/uploads\/2025\/07\/logo-header-510.png","width":510,"height":340,"caption":"U'WA Caf\u00e9"},"image":{"@id":"https:\/\/uwacafe.com\/#\/schema\/logo\/image\/"},"sameAs":["https:\/\/www.facebook.com\/profile.php?id=61569251725677"]}]}},"_links":{"self":[{"href":"https:\/\/uwacafe.com\/fr\/wp-json\/wp\/v2\/product\/3243","targetHints":{"allow":["GET"]}}],"collection":[{"href":"https:\/\/uwacafe.com\/fr\/wp-json\/wp\/v2\/product"}],"about":[{"href":"https:\/\/uwacafe.com\/fr\/wp-json\/wp\/v2\/types\/product"}],"replies":[{"embeddable":true,"href":"https:\/\/uwacafe.com\/fr\/wp-json\/wp\/v2\/comments?post=3243"}],"version-history":[{"count":0,"href":"https:\/\/uwacafe.com\/fr\/wp-json\/wp\/v2\/product\/3243\/revisions"}],"wp:featuredmedia":[{"embeddable":true,"href":"https:\/\/uwacafe.com\/fr\/wp-json\/wp\/v2\/media\/4412"}],"wp:attachment":[{"href":"https:\/\/uwacafe.com\/fr\/wp-json\/wp\/v2\/media?parent=3243"}],"wp:term":[{"taxonomy":"product_brand","embeddable":true,"href":"https:\/\/uwacafe.com\/fr\/wp-json\/wp\/v2\/product_brand?post=3243"},{"taxonomy":"product_cat","embeddable":true,"href":"https:\/\/uwacafe.com\/fr\/wp-json\/wp\/v2\/product_cat?post=3243"},{"taxonomy":"product_tag","embeddable":true,"href":"https:\/\/uwacafe.com\/fr\/wp-json\/wp\/v2\/product_tag?post=3243"}],"curies":[{"name":"wp","href":"https:\/\/api.w.org\/{rel}","templated":true}]}}