{"id":1142,"date":"2025-07-11T16:01:48","date_gmt":"2025-07-11T21:01:48","guid":{"rendered":"https:\/\/uwa.nfvgdigital.com\/producto\/caturra\/"},"modified":"2025-08-04T08:31:51","modified_gmt":"2025-08-04T13:31:51","slug":"caturra","status":"publish","type":"product","link":"https:\/\/uwacafe.com\/fr\/produit\/caturra\/","title":{"rendered":"Caturra"},"content":{"rendered":"<p>Edward Montiel est un caf\u00e9iculteur passionn\u00e9 \u00e9tabli dans la r\u00e9gion de Cajamarca, au Tolima, une zone reconnue pour la qualit\u00e9 exceptionnelle de ses caf\u00e9s.<\/p>\n<p>Travaillant avec la vari\u00e9t\u00e9 Ar\u00e1bica Caturra, Edward privil\u00e9gie des m\u00e9thodes traditionnelles et respectueuses de l\u2019environnement, notamment le traitement humide et le s\u00e9chage \u00e0 l\u2019abri sous marquesina, afin de pr\u00e9server au mieux les qualit\u00e9s organoleptiques du grain.<\/p>\n<p>Son engagement se refl\u00e8te dans la constance de ses r\u00e9coltes et dans la qualit\u00e9 de ses grains, qui lui ont valu des notes \u00e9lev\u00e9es lors des d\u00e9gustations. Pour Edward, le caf\u00e9 est plus qu\u2019une culture : c\u2019est un lien profond avec sa terre natale, une passion transmise de g\u00e9n\u00e9ration en g\u00e9n\u00e9ration. Par son travail, il soutient la communaut\u00e9 locale et contribue \u00e0 faire rayonner les caf\u00e9s de Tolima sur la sc\u00e8ne internationale.  <\/p>\n","protected":false},"excerpt":{"rendered":"<p>Notes de fruits rouges, caramel doux, acidit\u00e9 moyenne, corps soyeux \u00e0 la texture onctueuse.<\/p>\n","protected":false},"featured_media":4397,"comment_status":"open","ping_status":"closed","template":"","meta":[],"product_brand":[],"product_cat":[37],"product_tag":[59],"class_list":{"0":"post-1142","1":"product","2":"type-product","3":"status-publish","4":"has-post-thumbnail","6":"product_cat-cafes-fr","7":"product_tag-caturra-fr","9":"first","10":"instock","11":"shipping-taxable","12":"purchasable","13":"product-type-variable"},"yoast_head":"<!-- This site is optimized with the Yoast SEO plugin v27.0 - https:\/\/yoast.com\/product\/yoast-seo-wordpress\/ -->\n<title>Caf\u00e9 Caturra \u2013 Tolima, Colombie | U\u2019WA Caf\u00e9<\/title>\n<meta name=\"description\" content=\"Caf\u00e9 Caturra 100 % arabica produit \u00e0 1800 m \u00e0 Cajamarca (Tolima). Notes de fruits rouges, caramel doux. Score SCA 85. Cultiv\u00e9 par Edward Montiel.\" \/>\n<meta name=\"robots\" content=\"index, follow, max-snippet:-1, max-image-preview:large, max-video-preview:-1\" \/>\n<link rel=\"canonical\" href=\"https:\/\/uwacafe.com\/fr\/producto\/caturra\/\" \/>\n<meta property=\"og:locale\" content=\"fr_FR\" \/>\n<meta property=\"og:type\" content=\"article\" \/>\n<meta property=\"og:title\" content=\"Caf\u00e9 Caturra \u2013 Tolima, Colombie | U\u2019WA Caf\u00e9\" \/>\n<meta property=\"og:description\" content=\"Caf\u00e9 Caturra 100 % arabica produit \u00e0 1800 m \u00e0 Cajamarca (Tolima). Notes de fruits rouges, caramel doux. Score SCA 85. Cultiv\u00e9 par Edward Montiel.\" \/>\n<meta property=\"og:url\" content=\"https:\/\/uwacafe.com\/fr\/producto\/caturra\/\" \/>\n<meta property=\"og:site_name\" content=\"UWA Caf\u00e9\" \/>\n<meta property=\"article:publisher\" content=\"https:\/\/www.facebook.com\/profile.php?id=61569251725677\" \/>\n<meta property=\"article:modified_time\" content=\"2025-08-04T13:31:51+00:00\" \/>\n<meta property=\"og:image\" content=\"https:\/\/uwacafe.com\/wp-content\/uploads\/2025\/07\/Caturra-1.jpg\" \/>\n\t<meta property=\"og:image:width\" content=\"850\" \/>\n\t<meta property=\"og:image:height\" content=\"850\" \/>\n\t<meta property=\"og:image:type\" content=\"image\/jpeg\" \/>\n<meta name=\"twitter:card\" content=\"summary_large_image\" \/>\n<meta name=\"twitter:label1\" content=\"Dur\u00e9e de lecture estim\u00e9e\" \/>\n\t<meta name=\"twitter:data1\" content=\"1 minute\" \/>\n<script type=\"application\/ld+json\" class=\"yoast-schema-graph\">{\"@context\":\"https:\/\/schema.org\",\"@graph\":[{\"@type\":\"WebPage\",\"@id\":\"https:\/\/uwacafe.com\/fr\/producto\/caturra\/\",\"url\":\"https:\/\/uwacafe.com\/fr\/producto\/caturra\/\",\"name\":\"Caf\u00e9 Caturra \u2013 Tolima, Colombie | U\u2019WA Caf\u00e9\",\"isPartOf\":{\"@id\":\"https:\/\/uwacafe.com\/#website\"},\"primaryImageOfPage\":{\"@id\":\"https:\/\/uwacafe.com\/fr\/producto\/caturra\/#primaryimage\"},\"image\":{\"@id\":\"https:\/\/uwacafe.com\/fr\/producto\/caturra\/#primaryimage\"},\"thumbnailUrl\":\"https:\/\/uwacafe.com\/wp-content\/uploads\/2025\/07\/Caturra_1.webp\",\"datePublished\":\"2025-07-11T21:01:48+00:00\",\"dateModified\":\"2025-08-04T13:31:51+00:00\",\"description\":\"Caf\u00e9 Caturra 100 % arabica produit \u00e0 1800 m \u00e0 Cajamarca (Tolima). Notes de fruits rouges, caramel doux. Score SCA 85. Cultiv\u00e9 par Edward Montiel.\",\"breadcrumb\":{\"@id\":\"https:\/\/uwacafe.com\/fr\/producto\/caturra\/#breadcrumb\"},\"inLanguage\":\"fr-FR\",\"potentialAction\":[{\"@type\":\"ReadAction\",\"target\":[\"https:\/\/uwacafe.com\/fr\/producto\/caturra\/\"]}]},{\"@type\":\"ImageObject\",\"inLanguage\":\"fr-FR\",\"@id\":\"https:\/\/uwacafe.com\/fr\/producto\/caturra\/#primaryimage\",\"url\":\"https:\/\/uwacafe.com\/wp-content\/uploads\/2025\/07\/Caturra_1.webp\",\"contentUrl\":\"https:\/\/uwacafe.com\/wp-content\/uploads\/2025\/07\/Caturra_1.webp\",\"width\":450,\"height\":550},{\"@type\":\"BreadcrumbList\",\"@id\":\"https:\/\/uwacafe.com\/fr\/producto\/caturra\/#breadcrumb\",\"itemListElement\":[{\"@type\":\"ListItem\",\"position\":1,\"name\":\"Portada\",\"item\":\"https:\/\/uwacafe.com\/fr\/homepage\/\"},{\"@type\":\"ListItem\",\"position\":2,\"name\":\"Boutique\",\"item\":\"https:\/\/uwacafe.com\/fr\/boutique\/\"},{\"@type\":\"ListItem\",\"position\":3,\"name\":\"Caturra\"}]},{\"@type\":\"WebSite\",\"@id\":\"https:\/\/uwacafe.com\/#website\",\"url\":\"https:\/\/uwacafe.com\/\",\"name\":\"U'WA Caf\u00e9\",\"description\":\"\",\"publisher\":{\"@id\":\"https:\/\/uwacafe.com\/#organization\"},\"potentialAction\":[{\"@type\":\"SearchAction\",\"target\":{\"@type\":\"EntryPoint\",\"urlTemplate\":\"https:\/\/uwacafe.com\/?s={search_term_string}\"},\"query-input\":{\"@type\":\"PropertyValueSpecification\",\"valueRequired\":true,\"valueName\":\"search_term_string\"}}],\"inLanguage\":\"fr-FR\"},{\"@type\":\"Organization\",\"@id\":\"https:\/\/uwacafe.com\/#organization\",\"name\":\"U'WA Caf\u00e9\",\"url\":\"https:\/\/uwacafe.com\/\",\"logo\":{\"@type\":\"ImageObject\",\"inLanguage\":\"fr-FR\",\"@id\":\"https:\/\/uwacafe.com\/#\/schema\/logo\/image\/\",\"url\":\"https:\/\/uwacafe.com\/wp-content\/uploads\/2025\/07\/logo-header-510.png\",\"contentUrl\":\"https:\/\/uwacafe.com\/wp-content\/uploads\/2025\/07\/logo-header-510.png\",\"width\":510,\"height\":340,\"caption\":\"U'WA Caf\u00e9\"},\"image\":{\"@id\":\"https:\/\/uwacafe.com\/#\/schema\/logo\/image\/\"},\"sameAs\":[\"https:\/\/www.facebook.com\/profile.php?id=61569251725677\"]}]}<\/script>\n<!-- \/ Yoast SEO plugin. -->","yoast_head_json":{"title":"Caf\u00e9 Caturra \u2013 Tolima, Colombie | U\u2019WA Caf\u00e9","description":"Caf\u00e9 Caturra 100 % arabica produit \u00e0 1800 m \u00e0 Cajamarca (Tolima). Notes de fruits rouges, caramel doux. Score SCA 85. Cultiv\u00e9 par Edward Montiel.","robots":{"index":"index","follow":"follow","max-snippet":"max-snippet:-1","max-image-preview":"max-image-preview:large","max-video-preview":"max-video-preview:-1"},"canonical":"https:\/\/uwacafe.com\/fr\/producto\/caturra\/","og_locale":"fr_FR","og_type":"article","og_title":"Caf\u00e9 Caturra \u2013 Tolima, Colombie | U\u2019WA Caf\u00e9","og_description":"Caf\u00e9 Caturra 100 % arabica produit \u00e0 1800 m \u00e0 Cajamarca (Tolima). Notes de fruits rouges, caramel doux. Score SCA 85. Cultiv\u00e9 par Edward Montiel.","og_url":"https:\/\/uwacafe.com\/fr\/producto\/caturra\/","og_site_name":"UWA Caf\u00e9","article_publisher":"https:\/\/www.facebook.com\/profile.php?id=61569251725677","article_modified_time":"2025-08-04T13:31:51+00:00","og_image":[{"width":850,"height":850,"url":"https:\/\/uwacafe.com\/wp-content\/uploads\/2025\/07\/Caturra-1.jpg","type":"image\/jpeg"}],"twitter_card":"summary_large_image","twitter_misc":{"Dur\u00e9e de lecture estim\u00e9e":"1 minute"},"schema":{"@context":"https:\/\/schema.org","@graph":[{"@type":"WebPage","@id":"https:\/\/uwacafe.com\/fr\/producto\/caturra\/","url":"https:\/\/uwacafe.com\/fr\/producto\/caturra\/","name":"Caf\u00e9 Caturra \u2013 Tolima, Colombie | U\u2019WA Caf\u00e9","isPartOf":{"@id":"https:\/\/uwacafe.com\/#website"},"primaryImageOfPage":{"@id":"https:\/\/uwacafe.com\/fr\/producto\/caturra\/#primaryimage"},"image":{"@id":"https:\/\/uwacafe.com\/fr\/producto\/caturra\/#primaryimage"},"thumbnailUrl":"https:\/\/uwacafe.com\/wp-content\/uploads\/2025\/07\/Caturra_1.webp","datePublished":"2025-07-11T21:01:48+00:00","dateModified":"2025-08-04T13:31:51+00:00","description":"Caf\u00e9 Caturra 100 % arabica produit \u00e0 1800 m \u00e0 Cajamarca (Tolima). Notes de fruits rouges, caramel doux. Score SCA 85. Cultiv\u00e9 par Edward Montiel.","breadcrumb":{"@id":"https:\/\/uwacafe.com\/fr\/producto\/caturra\/#breadcrumb"},"inLanguage":"fr-FR","potentialAction":[{"@type":"ReadAction","target":["https:\/\/uwacafe.com\/fr\/producto\/caturra\/"]}]},{"@type":"ImageObject","inLanguage":"fr-FR","@id":"https:\/\/uwacafe.com\/fr\/producto\/caturra\/#primaryimage","url":"https:\/\/uwacafe.com\/wp-content\/uploads\/2025\/07\/Caturra_1.webp","contentUrl":"https:\/\/uwacafe.com\/wp-content\/uploads\/2025\/07\/Caturra_1.webp","width":450,"height":550},{"@type":"BreadcrumbList","@id":"https:\/\/uwacafe.com\/fr\/producto\/caturra\/#breadcrumb","itemListElement":[{"@type":"ListItem","position":1,"name":"Portada","item":"https:\/\/uwacafe.com\/fr\/homepage\/"},{"@type":"ListItem","position":2,"name":"Boutique","item":"https:\/\/uwacafe.com\/fr\/boutique\/"},{"@type":"ListItem","position":3,"name":"Caturra"}]},{"@type":"WebSite","@id":"https:\/\/uwacafe.com\/#website","url":"https:\/\/uwacafe.com\/","name":"U'WA Caf\u00e9","description":"","publisher":{"@id":"https:\/\/uwacafe.com\/#organization"},"potentialAction":[{"@type":"SearchAction","target":{"@type":"EntryPoint","urlTemplate":"https:\/\/uwacafe.com\/?s={search_term_string}"},"query-input":{"@type":"PropertyValueSpecification","valueRequired":true,"valueName":"search_term_string"}}],"inLanguage":"fr-FR"},{"@type":"Organization","@id":"https:\/\/uwacafe.com\/#organization","name":"U'WA Caf\u00e9","url":"https:\/\/uwacafe.com\/","logo":{"@type":"ImageObject","inLanguage":"fr-FR","@id":"https:\/\/uwacafe.com\/#\/schema\/logo\/image\/","url":"https:\/\/uwacafe.com\/wp-content\/uploads\/2025\/07\/logo-header-510.png","contentUrl":"https:\/\/uwacafe.com\/wp-content\/uploads\/2025\/07\/logo-header-510.png","width":510,"height":340,"caption":"U'WA Caf\u00e9"},"image":{"@id":"https:\/\/uwacafe.com\/#\/schema\/logo\/image\/"},"sameAs":["https:\/\/www.facebook.com\/profile.php?id=61569251725677"]}]}},"_links":{"self":[{"href":"https:\/\/uwacafe.com\/fr\/wp-json\/wp\/v2\/product\/1142","targetHints":{"allow":["GET"]}}],"collection":[{"href":"https:\/\/uwacafe.com\/fr\/wp-json\/wp\/v2\/product"}],"about":[{"href":"https:\/\/uwacafe.com\/fr\/wp-json\/wp\/v2\/types\/product"}],"replies":[{"embeddable":true,"href":"https:\/\/uwacafe.com\/fr\/wp-json\/wp\/v2\/comments?post=1142"}],"version-history":[{"count":1,"href":"https:\/\/uwacafe.com\/fr\/wp-json\/wp\/v2\/product\/1142\/revisions"}],"predecessor-version":[{"id":1681,"href":"https:\/\/uwacafe.com\/fr\/wp-json\/wp\/v2\/product\/1142\/revisions\/1681"}],"wp:featuredmedia":[{"embeddable":true,"href":"https:\/\/uwacafe.com\/fr\/wp-json\/wp\/v2\/media\/4397"}],"wp:attachment":[{"href":"https:\/\/uwacafe.com\/fr\/wp-json\/wp\/v2\/media?parent=1142"}],"wp:term":[{"taxonomy":"product_brand","embeddable":true,"href":"https:\/\/uwacafe.com\/fr\/wp-json\/wp\/v2\/product_brand?post=1142"},{"taxonomy":"product_cat","embeddable":true,"href":"https:\/\/uwacafe.com\/fr\/wp-json\/wp\/v2\/product_cat?post=1142"},{"taxonomy":"product_tag","embeddable":true,"href":"https:\/\/uwacafe.com\/fr\/wp-json\/wp\/v2\/product_tag?post=1142"}],"curies":[{"name":"wp","href":"https:\/\/api.w.org\/{rel}","templated":true}]}}