{"id":1101,"date":"2025-07-11T16:45:35","date_gmt":"2025-07-11T21:45:35","guid":{"rendered":"https:\/\/uwa.nfvgdigital.com\/producto\/bourbon-rose\/"},"modified":"2025-08-04T08:27:54","modified_gmt":"2025-08-04T13:27:54","slug":"bourbon-rose","status":"publish","type":"product","link":"https:\/\/uwacafe.com\/fr\/produit\/bourbon-rose\/","title":{"rendered":"Bourbon Rose"},"content":{"rendered":"<p>La finca La Aurora a \u00e9t\u00e9 acquise il y a trois ans par la famille Echeverry, dans la commune de Palestina, au c\u0153ur du Huila. Ce lot de caf\u00e9, cultiv\u00e9 \u00e0 2000 m\u00e8tres d\u2019altitude, repr\u00e9sente la toute premi\u00e8re r\u00e9colte issue de cette nouvelle plantation. <\/p>\n<p>C\u2019est un projet de c\u0153ur : d\u00e9di\u00e9 \u00e0 leur fille, ce lot lui a \u00e9t\u00e9 confi\u00e9 pour qu\u2019elle en prenne la responsabilit\u00e9. Depuis l\u2019implantation des caf\u00e9iers, c\u2019est elle qui en assure l\u2019administration quotidienne. Ce choix incarne une volont\u00e9 forte : favoriser le renouvellement des g\u00e9n\u00e9rations au sein du monde caf\u00e9icole colombien.  <\/p>\n<p>\u00c0 travers ce caf\u00e9, la famille souhaite montrer que l\u2019agriculture peut offrir un avenir enthousiasmant et durable aux jeunes. Le projet La Aurora est un symbole d\u2019espoir, d\u2019h\u00e9ritage et d\u2019amour pour la terre, cultiv\u00e9 avec soin et passion par une nouvelle g\u00e9n\u00e9ration pr\u00eate \u00e0 \u00e9crire sa propre histoire. <\/p>\n","protected":false},"excerpt":{"rendered":"<p>Notes fruit\u00e9es de p\u00eache, papaye, corps doux et onctueux, avec une acidit\u00e9 moyenne.<\/p>\n","protected":false},"featured_media":4406,"comment_status":"open","ping_status":"closed","template":"","meta":[],"product_brand":[],"product_cat":[37],"product_tag":[57],"class_list":{"0":"post-1101","1":"product","2":"type-product","3":"status-publish","4":"has-post-thumbnail","6":"product_cat-cafes-fr","7":"product_tag-bourbon-rose","9":"first","10":"instock","11":"shipping-taxable","12":"purchasable","13":"product-type-variable"},"yoast_head":"<!-- This site is optimized with the Yoast SEO plugin v27.0 - https:\/\/yoast.com\/product\/yoast-seo-wordpress\/ -->\n<title>Caf\u00e9 Bourbon Rose \u2013 Huila, palestina - La Aurora | U\u2019WA Caf\u00e9<\/title>\n<meta name=\"description\" content=\"Caf\u00e9 Bourbon Rose produit \u00e0 2000 m \u00e0 Palestina (Huila) par Alejandra Echeverry. Notes de p\u00eache et papaye. M\u00e9thode naturelle. SCA 86. 100 % arabica.\" \/>\n<meta name=\"robots\" content=\"index, follow, max-snippet:-1, max-image-preview:large, max-video-preview:-1\" \/>\n<link rel=\"canonical\" href=\"https:\/\/uwacafe.com\/fr\/producto\/bourbon-rose\/\" \/>\n<meta property=\"og:locale\" content=\"fr_FR\" \/>\n<meta property=\"og:type\" content=\"article\" \/>\n<meta property=\"og:title\" content=\"Caf\u00e9 Bourbon Rose \u2013 Huila, palestina - La Aurora | U\u2019WA Caf\u00e9\" \/>\n<meta property=\"og:description\" content=\"Caf\u00e9 Bourbon Rose produit \u00e0 2000 m \u00e0 Palestina (Huila) par Alejandra Echeverry. Notes de p\u00eache et papaye. M\u00e9thode naturelle. SCA 86. 100 % arabica.\" \/>\n<meta property=\"og:url\" content=\"https:\/\/uwacafe.com\/fr\/producto\/bourbon-rose\/\" \/>\n<meta property=\"og:site_name\" content=\"UWA Caf\u00e9\" \/>\n<meta property=\"article:publisher\" content=\"https:\/\/www.facebook.com\/profile.php?id=61569251725677\" \/>\n<meta property=\"article:modified_time\" content=\"2025-08-04T13:27:54+00:00\" \/>\n<meta property=\"og:image\" content=\"https:\/\/uwacafe.com\/wp-content\/uploads\/2025\/07\/Pink-Bourbone-1.jpg\" \/>\n\t<meta property=\"og:image:width\" content=\"850\" \/>\n\t<meta property=\"og:image:height\" content=\"850\" \/>\n\t<meta property=\"og:image:type\" content=\"image\/jpeg\" \/>\n<meta name=\"twitter:card\" content=\"summary_large_image\" \/>\n<meta name=\"twitter:label1\" content=\"Dur\u00e9e de lecture estim\u00e9e\" \/>\n\t<meta name=\"twitter:data1\" content=\"1 minute\" \/>\n<script type=\"application\/ld+json\" class=\"yoast-schema-graph\">{\"@context\":\"https:\/\/schema.org\",\"@graph\":[{\"@type\":\"WebPage\",\"@id\":\"https:\/\/uwacafe.com\/fr\/producto\/bourbon-rose\/\",\"url\":\"https:\/\/uwacafe.com\/fr\/producto\/bourbon-rose\/\",\"name\":\"Caf\u00e9 Bourbon Rose \u2013 Huila, palestina - La Aurora | U\u2019WA Caf\u00e9\",\"isPartOf\":{\"@id\":\"https:\/\/uwacafe.com\/#website\"},\"primaryImageOfPage\":{\"@id\":\"https:\/\/uwacafe.com\/fr\/producto\/bourbon-rose\/#primaryimage\"},\"image\":{\"@id\":\"https:\/\/uwacafe.com\/fr\/producto\/bourbon-rose\/#primaryimage\"},\"thumbnailUrl\":\"https:\/\/uwacafe.com\/wp-content\/uploads\/2025\/07\/B_Rosa_1.webp\",\"datePublished\":\"2025-07-11T21:45:35+00:00\",\"dateModified\":\"2025-08-04T13:27:54+00:00\",\"description\":\"Caf\u00e9 Bourbon Rose produit \u00e0 2000 m \u00e0 Palestina (Huila) par Alejandra Echeverry. Notes de p\u00eache et papaye. M\u00e9thode naturelle. SCA 86. 100 % arabica.\",\"breadcrumb\":{\"@id\":\"https:\/\/uwacafe.com\/fr\/producto\/bourbon-rose\/#breadcrumb\"},\"inLanguage\":\"fr-FR\",\"potentialAction\":[{\"@type\":\"ReadAction\",\"target\":[\"https:\/\/uwacafe.com\/fr\/producto\/bourbon-rose\/\"]}]},{\"@type\":\"ImageObject\",\"inLanguage\":\"fr-FR\",\"@id\":\"https:\/\/uwacafe.com\/fr\/producto\/bourbon-rose\/#primaryimage\",\"url\":\"https:\/\/uwacafe.com\/wp-content\/uploads\/2025\/07\/B_Rosa_1.webp\",\"contentUrl\":\"https:\/\/uwacafe.com\/wp-content\/uploads\/2025\/07\/B_Rosa_1.webp\",\"width\":450,\"height\":550},{\"@type\":\"BreadcrumbList\",\"@id\":\"https:\/\/uwacafe.com\/fr\/producto\/bourbon-rose\/#breadcrumb\",\"itemListElement\":[{\"@type\":\"ListItem\",\"position\":1,\"name\":\"Portada\",\"item\":\"https:\/\/uwacafe.com\/fr\/homepage\/\"},{\"@type\":\"ListItem\",\"position\":2,\"name\":\"Boutique\",\"item\":\"https:\/\/uwacafe.com\/fr\/boutique\/\"},{\"@type\":\"ListItem\",\"position\":3,\"name\":\"Bourbon Rose\"}]},{\"@type\":\"WebSite\",\"@id\":\"https:\/\/uwacafe.com\/#website\",\"url\":\"https:\/\/uwacafe.com\/\",\"name\":\"U'WA Caf\u00e9\",\"description\":\"\",\"publisher\":{\"@id\":\"https:\/\/uwacafe.com\/#organization\"},\"potentialAction\":[{\"@type\":\"SearchAction\",\"target\":{\"@type\":\"EntryPoint\",\"urlTemplate\":\"https:\/\/uwacafe.com\/?s={search_term_string}\"},\"query-input\":{\"@type\":\"PropertyValueSpecification\",\"valueRequired\":true,\"valueName\":\"search_term_string\"}}],\"inLanguage\":\"fr-FR\"},{\"@type\":\"Organization\",\"@id\":\"https:\/\/uwacafe.com\/#organization\",\"name\":\"U'WA Caf\u00e9\",\"url\":\"https:\/\/uwacafe.com\/\",\"logo\":{\"@type\":\"ImageObject\",\"inLanguage\":\"fr-FR\",\"@id\":\"https:\/\/uwacafe.com\/#\/schema\/logo\/image\/\",\"url\":\"https:\/\/uwacafe.com\/wp-content\/uploads\/2025\/07\/logo-header-510.png\",\"contentUrl\":\"https:\/\/uwacafe.com\/wp-content\/uploads\/2025\/07\/logo-header-510.png\",\"width\":510,\"height\":340,\"caption\":\"U'WA Caf\u00e9\"},\"image\":{\"@id\":\"https:\/\/uwacafe.com\/#\/schema\/logo\/image\/\"},\"sameAs\":[\"https:\/\/www.facebook.com\/profile.php?id=61569251725677\"]}]}<\/script>\n<!-- \/ Yoast SEO plugin. -->","yoast_head_json":{"title":"Caf\u00e9 Bourbon Rose \u2013 Huila, palestina - La Aurora | U\u2019WA Caf\u00e9","description":"Caf\u00e9 Bourbon Rose produit \u00e0 2000 m \u00e0 Palestina (Huila) par Alejandra Echeverry. Notes de p\u00eache et papaye. M\u00e9thode naturelle. SCA 86. 100 % arabica.","robots":{"index":"index","follow":"follow","max-snippet":"max-snippet:-1","max-image-preview":"max-image-preview:large","max-video-preview":"max-video-preview:-1"},"canonical":"https:\/\/uwacafe.com\/fr\/producto\/bourbon-rose\/","og_locale":"fr_FR","og_type":"article","og_title":"Caf\u00e9 Bourbon Rose \u2013 Huila, palestina - La Aurora | U\u2019WA Caf\u00e9","og_description":"Caf\u00e9 Bourbon Rose produit \u00e0 2000 m \u00e0 Palestina (Huila) par Alejandra Echeverry. Notes de p\u00eache et papaye. M\u00e9thode naturelle. SCA 86. 100 % arabica.","og_url":"https:\/\/uwacafe.com\/fr\/producto\/bourbon-rose\/","og_site_name":"UWA Caf\u00e9","article_publisher":"https:\/\/www.facebook.com\/profile.php?id=61569251725677","article_modified_time":"2025-08-04T13:27:54+00:00","og_image":[{"width":850,"height":850,"url":"https:\/\/uwacafe.com\/wp-content\/uploads\/2025\/07\/Pink-Bourbone-1.jpg","type":"image\/jpeg"}],"twitter_card":"summary_large_image","twitter_misc":{"Dur\u00e9e de lecture estim\u00e9e":"1 minute"},"schema":{"@context":"https:\/\/schema.org","@graph":[{"@type":"WebPage","@id":"https:\/\/uwacafe.com\/fr\/producto\/bourbon-rose\/","url":"https:\/\/uwacafe.com\/fr\/producto\/bourbon-rose\/","name":"Caf\u00e9 Bourbon Rose \u2013 Huila, palestina - La Aurora | U\u2019WA Caf\u00e9","isPartOf":{"@id":"https:\/\/uwacafe.com\/#website"},"primaryImageOfPage":{"@id":"https:\/\/uwacafe.com\/fr\/producto\/bourbon-rose\/#primaryimage"},"image":{"@id":"https:\/\/uwacafe.com\/fr\/producto\/bourbon-rose\/#primaryimage"},"thumbnailUrl":"https:\/\/uwacafe.com\/wp-content\/uploads\/2025\/07\/B_Rosa_1.webp","datePublished":"2025-07-11T21:45:35+00:00","dateModified":"2025-08-04T13:27:54+00:00","description":"Caf\u00e9 Bourbon Rose produit \u00e0 2000 m \u00e0 Palestina (Huila) par Alejandra Echeverry. Notes de p\u00eache et papaye. M\u00e9thode naturelle. SCA 86. 100 % arabica.","breadcrumb":{"@id":"https:\/\/uwacafe.com\/fr\/producto\/bourbon-rose\/#breadcrumb"},"inLanguage":"fr-FR","potentialAction":[{"@type":"ReadAction","target":["https:\/\/uwacafe.com\/fr\/producto\/bourbon-rose\/"]}]},{"@type":"ImageObject","inLanguage":"fr-FR","@id":"https:\/\/uwacafe.com\/fr\/producto\/bourbon-rose\/#primaryimage","url":"https:\/\/uwacafe.com\/wp-content\/uploads\/2025\/07\/B_Rosa_1.webp","contentUrl":"https:\/\/uwacafe.com\/wp-content\/uploads\/2025\/07\/B_Rosa_1.webp","width":450,"height":550},{"@type":"BreadcrumbList","@id":"https:\/\/uwacafe.com\/fr\/producto\/bourbon-rose\/#breadcrumb","itemListElement":[{"@type":"ListItem","position":1,"name":"Portada","item":"https:\/\/uwacafe.com\/fr\/homepage\/"},{"@type":"ListItem","position":2,"name":"Boutique","item":"https:\/\/uwacafe.com\/fr\/boutique\/"},{"@type":"ListItem","position":3,"name":"Bourbon Rose"}]},{"@type":"WebSite","@id":"https:\/\/uwacafe.com\/#website","url":"https:\/\/uwacafe.com\/","name":"U'WA Caf\u00e9","description":"","publisher":{"@id":"https:\/\/uwacafe.com\/#organization"},"potentialAction":[{"@type":"SearchAction","target":{"@type":"EntryPoint","urlTemplate":"https:\/\/uwacafe.com\/?s={search_term_string}"},"query-input":{"@type":"PropertyValueSpecification","valueRequired":true,"valueName":"search_term_string"}}],"inLanguage":"fr-FR"},{"@type":"Organization","@id":"https:\/\/uwacafe.com\/#organization","name":"U'WA Caf\u00e9","url":"https:\/\/uwacafe.com\/","logo":{"@type":"ImageObject","inLanguage":"fr-FR","@id":"https:\/\/uwacafe.com\/#\/schema\/logo\/image\/","url":"https:\/\/uwacafe.com\/wp-content\/uploads\/2025\/07\/logo-header-510.png","contentUrl":"https:\/\/uwacafe.com\/wp-content\/uploads\/2025\/07\/logo-header-510.png","width":510,"height":340,"caption":"U'WA Caf\u00e9"},"image":{"@id":"https:\/\/uwacafe.com\/#\/schema\/logo\/image\/"},"sameAs":["https:\/\/www.facebook.com\/profile.php?id=61569251725677"]}]}},"_links":{"self":[{"href":"https:\/\/uwacafe.com\/fr\/wp-json\/wp\/v2\/product\/1101","targetHints":{"allow":["GET"]}}],"collection":[{"href":"https:\/\/uwacafe.com\/fr\/wp-json\/wp\/v2\/product"}],"about":[{"href":"https:\/\/uwacafe.com\/fr\/wp-json\/wp\/v2\/types\/product"}],"replies":[{"embeddable":true,"href":"https:\/\/uwacafe.com\/fr\/wp-json\/wp\/v2\/comments?post=1101"}],"version-history":[{"count":1,"href":"https:\/\/uwacafe.com\/fr\/wp-json\/wp\/v2\/product\/1101\/revisions"}],"predecessor-version":[{"id":2561,"href":"https:\/\/uwacafe.com\/fr\/wp-json\/wp\/v2\/product\/1101\/revisions\/2561"}],"wp:featuredmedia":[{"embeddable":true,"href":"https:\/\/uwacafe.com\/fr\/wp-json\/wp\/v2\/media\/4406"}],"wp:attachment":[{"href":"https:\/\/uwacafe.com\/fr\/wp-json\/wp\/v2\/media?parent=1101"}],"wp:term":[{"taxonomy":"product_brand","embeddable":true,"href":"https:\/\/uwacafe.com\/fr\/wp-json\/wp\/v2\/product_brand?post=1101"},{"taxonomy":"product_cat","embeddable":true,"href":"https:\/\/uwacafe.com\/fr\/wp-json\/wp\/v2\/product_cat?post=1101"},{"taxonomy":"product_tag","embeddable":true,"href":"https:\/\/uwacafe.com\/fr\/wp-json\/wp\/v2\/product_tag?post=1101"}],"curies":[{"name":"wp","href":"https:\/\/api.w.org\/{rel}","templated":true}]}}