{"id":1032,"date":"2025-07-11T16:53:24","date_gmt":"2025-07-11T21:53:24","guid":{"rendered":"https:\/\/uwa.nfvgdigital.com\/producto\/typica\/"},"modified":"2025-08-04T08:16:13","modified_gmt":"2025-08-04T13:16:13","slug":"typica","status":"publish","type":"product","link":"https:\/\/uwacafe.com\/fr\/produit\/typica\/","title":{"rendered":"Typica"},"content":{"rendered":"<p>La finca El Pedregal est n\u00e9e de la volont\u00e9 de Pedro Alfonso Rico T\u00e9llez de transformer un territoire appauvri par les pratiques agricoles intensives. \u00c0 son arriv\u00e9e, la terre \u00e9tait \u00e9puis\u00e9e, victime de cultures traditionnelles d\u00e9pendantes des produits chimiques. <\/p>\n<p>Guid\u00e9 par sa passion pour le caf\u00e9 et son souci de l\u2019environnement, Pedro suit une formation au SENA (Servicio Nacional de Aprendizaje) puis approfondit ses connaissances \u00e0 l\u2019Universit\u00e9 Nationale et \u00e0 l\u2019Universit\u00e9 de Cundinamarca. Convaincu de la n\u00e9cessit\u00e9 d\u2019un changement, il adopte des pratiques agricoles durables et se lance dans la culture biologique du caf\u00e9. <\/p>\n<p>Depuis plus de 20 ans, sa ferme est un exemple de r\u00e9silience \u00e9cologique. La biodiversit\u00e9 s\u2019est r\u00e9install\u00e9e, la terre a retrouv\u00e9 sa vitalit\u00e9, et la qualit\u00e9 de vie de sa famille s\u2019est am\u00e9lior\u00e9e. Chaque grain r\u00e9colt\u00e9 est le fruit d\u2019un engagement profond envers la nature.  <\/p>\n<p>Aujourd\u2019hui, El Pedregal est bien plus qu\u2019une ferme : c\u2019est un sanctuaire o\u00f9 l\u2019homme et la nature travaillent en harmonie, produisant un caf\u00e9 d\u2019exception, riche en sens et en saveurs.<\/p>\n","protected":false},"excerpt":{"rendered":"<p>Notes sucr\u00e9es de miel et panela. Corps onctueux, acidit\u00e9 citrique brillante et final floral subtil. <\/p>\n","protected":false},"featured_media":4403,"comment_status":"open","ping_status":"closed","template":"","meta":[],"product_brand":[],"product_cat":[37],"product_tag":[53],"class_list":{"0":"post-1032","1":"product","2":"type-product","3":"status-publish","4":"has-post-thumbnail","6":"product_cat-cafes-fr","7":"product_tag-typica-fr","9":"first","10":"instock","11":"shipping-taxable","12":"purchasable","13":"product-type-variable"},"yoast_head":"<!-- This site is optimized with the Yoast SEO plugin v27.0 - https:\/\/yoast.com\/product\/yoast-seo-wordpress\/ -->\n<title>Caf\u00e9 Typica \u2013 El Pedregal, Colombie | U\u2019WA Caf\u00e9<\/title>\n<meta name=\"description\" content=\"Caf\u00e9 de sp\u00e9cialit\u00e9 Typica de Pasca (1900m), notes miel et panela. Cultiv\u00e9 durablement \u00e0 El Pedregal par Pedro Rico. Score SCA 86. \u00c9thique &amp; tra\u00e7able.\" \/>\n<meta name=\"robots\" content=\"index, follow, max-snippet:-1, max-image-preview:large, max-video-preview:-1\" \/>\n<link rel=\"canonical\" href=\"https:\/\/uwacafe.com\/fr\/producto\/typica\/\" \/>\n<meta property=\"og:locale\" content=\"fr_FR\" \/>\n<meta property=\"og:type\" content=\"article\" \/>\n<meta property=\"og:title\" content=\"Caf\u00e9 Typica \u2013 El Pedregal, Colombie | U\u2019WA Caf\u00e9\" \/>\n<meta property=\"og:description\" content=\"Caf\u00e9 de sp\u00e9cialit\u00e9 Typica de Pasca (1900m), notes miel et panela. Cultiv\u00e9 durablement \u00e0 El Pedregal par Pedro Rico. Score SCA 86. \u00c9thique &amp; tra\u00e7able.\" \/>\n<meta property=\"og:url\" content=\"https:\/\/uwacafe.com\/fr\/producto\/typica\/\" \/>\n<meta property=\"og:site_name\" content=\"UWA Caf\u00e9\" \/>\n<meta property=\"article:publisher\" content=\"https:\/\/www.facebook.com\/profile.php?id=61569251725677\" \/>\n<meta property=\"article:modified_time\" content=\"2025-08-04T13:16:13+00:00\" \/>\n<meta property=\"og:image\" content=\"https:\/\/uwacafe.com\/wp-content\/uploads\/2025\/07\/Typica-1.jpg\" \/>\n\t<meta property=\"og:image:width\" content=\"850\" \/>\n\t<meta property=\"og:image:height\" content=\"850\" \/>\n\t<meta property=\"og:image:type\" content=\"image\/jpeg\" \/>\n<meta name=\"twitter:card\" content=\"summary_large_image\" \/>\n<meta name=\"twitter:label1\" content=\"Dur\u00e9e de lecture estim\u00e9e\" \/>\n\t<meta name=\"twitter:data1\" content=\"1 minute\" \/>\n<script type=\"application\/ld+json\" class=\"yoast-schema-graph\">{\"@context\":\"https:\/\/schema.org\",\"@graph\":[{\"@type\":\"WebPage\",\"@id\":\"https:\/\/uwacafe.com\/fr\/producto\/typica\/\",\"url\":\"https:\/\/uwacafe.com\/fr\/producto\/typica\/\",\"name\":\"Caf\u00e9 Typica \u2013 El Pedregal, Colombie | U\u2019WA Caf\u00e9\",\"isPartOf\":{\"@id\":\"https:\/\/uwacafe.com\/#website\"},\"primaryImageOfPage\":{\"@id\":\"https:\/\/uwacafe.com\/fr\/producto\/typica\/#primaryimage\"},\"image\":{\"@id\":\"https:\/\/uwacafe.com\/fr\/producto\/typica\/#primaryimage\"},\"thumbnailUrl\":\"https:\/\/uwacafe.com\/wp-content\/uploads\/2025\/07\/Typica_1.webp\",\"datePublished\":\"2025-07-11T21:53:24+00:00\",\"dateModified\":\"2025-08-04T13:16:13+00:00\",\"description\":\"Caf\u00e9 de sp\u00e9cialit\u00e9 Typica de Pasca (1900m), notes miel et panela. Cultiv\u00e9 durablement \u00e0 El Pedregal par Pedro Rico. Score SCA 86. \u00c9thique & tra\u00e7able.\",\"breadcrumb\":{\"@id\":\"https:\/\/uwacafe.com\/fr\/producto\/typica\/#breadcrumb\"},\"inLanguage\":\"fr-FR\",\"potentialAction\":[{\"@type\":\"ReadAction\",\"target\":[\"https:\/\/uwacafe.com\/fr\/producto\/typica\/\"]}]},{\"@type\":\"ImageObject\",\"inLanguage\":\"fr-FR\",\"@id\":\"https:\/\/uwacafe.com\/fr\/producto\/typica\/#primaryimage\",\"url\":\"https:\/\/uwacafe.com\/wp-content\/uploads\/2025\/07\/Typica_1.webp\",\"contentUrl\":\"https:\/\/uwacafe.com\/wp-content\/uploads\/2025\/07\/Typica_1.webp\",\"width\":450,\"height\":550},{\"@type\":\"BreadcrumbList\",\"@id\":\"https:\/\/uwacafe.com\/fr\/producto\/typica\/#breadcrumb\",\"itemListElement\":[{\"@type\":\"ListItem\",\"position\":1,\"name\":\"Portada\",\"item\":\"https:\/\/uwacafe.com\/fr\/homepage\/\"},{\"@type\":\"ListItem\",\"position\":2,\"name\":\"Boutique\",\"item\":\"https:\/\/uwacafe.com\/fr\/boutique\/\"},{\"@type\":\"ListItem\",\"position\":3,\"name\":\"Typica\"}]},{\"@type\":\"WebSite\",\"@id\":\"https:\/\/uwacafe.com\/#website\",\"url\":\"https:\/\/uwacafe.com\/\",\"name\":\"U'WA Caf\u00e9\",\"description\":\"\",\"publisher\":{\"@id\":\"https:\/\/uwacafe.com\/#organization\"},\"potentialAction\":[{\"@type\":\"SearchAction\",\"target\":{\"@type\":\"EntryPoint\",\"urlTemplate\":\"https:\/\/uwacafe.com\/?s={search_term_string}\"},\"query-input\":{\"@type\":\"PropertyValueSpecification\",\"valueRequired\":true,\"valueName\":\"search_term_string\"}}],\"inLanguage\":\"fr-FR\"},{\"@type\":\"Organization\",\"@id\":\"https:\/\/uwacafe.com\/#organization\",\"name\":\"U'WA Caf\u00e9\",\"url\":\"https:\/\/uwacafe.com\/\",\"logo\":{\"@type\":\"ImageObject\",\"inLanguage\":\"fr-FR\",\"@id\":\"https:\/\/uwacafe.com\/#\/schema\/logo\/image\/\",\"url\":\"https:\/\/uwacafe.com\/wp-content\/uploads\/2025\/07\/logo-header-510.png\",\"contentUrl\":\"https:\/\/uwacafe.com\/wp-content\/uploads\/2025\/07\/logo-header-510.png\",\"width\":510,\"height\":340,\"caption\":\"U'WA Caf\u00e9\"},\"image\":{\"@id\":\"https:\/\/uwacafe.com\/#\/schema\/logo\/image\/\"},\"sameAs\":[\"https:\/\/www.facebook.com\/profile.php?id=61569251725677\"]}]}<\/script>\n<!-- \/ Yoast SEO plugin. -->","yoast_head_json":{"title":"Caf\u00e9 Typica \u2013 El Pedregal, Colombie | U\u2019WA Caf\u00e9","description":"Caf\u00e9 de sp\u00e9cialit\u00e9 Typica de Pasca (1900m), notes miel et panela. Cultiv\u00e9 durablement \u00e0 El Pedregal par Pedro Rico. Score SCA 86. \u00c9thique & tra\u00e7able.","robots":{"index":"index","follow":"follow","max-snippet":"max-snippet:-1","max-image-preview":"max-image-preview:large","max-video-preview":"max-video-preview:-1"},"canonical":"https:\/\/uwacafe.com\/fr\/producto\/typica\/","og_locale":"fr_FR","og_type":"article","og_title":"Caf\u00e9 Typica \u2013 El Pedregal, Colombie | U\u2019WA Caf\u00e9","og_description":"Caf\u00e9 de sp\u00e9cialit\u00e9 Typica de Pasca (1900m), notes miel et panela. Cultiv\u00e9 durablement \u00e0 El Pedregal par Pedro Rico. Score SCA 86. \u00c9thique & tra\u00e7able.","og_url":"https:\/\/uwacafe.com\/fr\/producto\/typica\/","og_site_name":"UWA Caf\u00e9","article_publisher":"https:\/\/www.facebook.com\/profile.php?id=61569251725677","article_modified_time":"2025-08-04T13:16:13+00:00","og_image":[{"width":850,"height":850,"url":"https:\/\/uwacafe.com\/wp-content\/uploads\/2025\/07\/Typica-1.jpg","type":"image\/jpeg"}],"twitter_card":"summary_large_image","twitter_misc":{"Dur\u00e9e de lecture estim\u00e9e":"1 minute"},"schema":{"@context":"https:\/\/schema.org","@graph":[{"@type":"WebPage","@id":"https:\/\/uwacafe.com\/fr\/producto\/typica\/","url":"https:\/\/uwacafe.com\/fr\/producto\/typica\/","name":"Caf\u00e9 Typica \u2013 El Pedregal, Colombie | U\u2019WA Caf\u00e9","isPartOf":{"@id":"https:\/\/uwacafe.com\/#website"},"primaryImageOfPage":{"@id":"https:\/\/uwacafe.com\/fr\/producto\/typica\/#primaryimage"},"image":{"@id":"https:\/\/uwacafe.com\/fr\/producto\/typica\/#primaryimage"},"thumbnailUrl":"https:\/\/uwacafe.com\/wp-content\/uploads\/2025\/07\/Typica_1.webp","datePublished":"2025-07-11T21:53:24+00:00","dateModified":"2025-08-04T13:16:13+00:00","description":"Caf\u00e9 de sp\u00e9cialit\u00e9 Typica de Pasca (1900m), notes miel et panela. Cultiv\u00e9 durablement \u00e0 El Pedregal par Pedro Rico. Score SCA 86. \u00c9thique & tra\u00e7able.","breadcrumb":{"@id":"https:\/\/uwacafe.com\/fr\/producto\/typica\/#breadcrumb"},"inLanguage":"fr-FR","potentialAction":[{"@type":"ReadAction","target":["https:\/\/uwacafe.com\/fr\/producto\/typica\/"]}]},{"@type":"ImageObject","inLanguage":"fr-FR","@id":"https:\/\/uwacafe.com\/fr\/producto\/typica\/#primaryimage","url":"https:\/\/uwacafe.com\/wp-content\/uploads\/2025\/07\/Typica_1.webp","contentUrl":"https:\/\/uwacafe.com\/wp-content\/uploads\/2025\/07\/Typica_1.webp","width":450,"height":550},{"@type":"BreadcrumbList","@id":"https:\/\/uwacafe.com\/fr\/producto\/typica\/#breadcrumb","itemListElement":[{"@type":"ListItem","position":1,"name":"Portada","item":"https:\/\/uwacafe.com\/fr\/homepage\/"},{"@type":"ListItem","position":2,"name":"Boutique","item":"https:\/\/uwacafe.com\/fr\/boutique\/"},{"@type":"ListItem","position":3,"name":"Typica"}]},{"@type":"WebSite","@id":"https:\/\/uwacafe.com\/#website","url":"https:\/\/uwacafe.com\/","name":"U'WA Caf\u00e9","description":"","publisher":{"@id":"https:\/\/uwacafe.com\/#organization"},"potentialAction":[{"@type":"SearchAction","target":{"@type":"EntryPoint","urlTemplate":"https:\/\/uwacafe.com\/?s={search_term_string}"},"query-input":{"@type":"PropertyValueSpecification","valueRequired":true,"valueName":"search_term_string"}}],"inLanguage":"fr-FR"},{"@type":"Organization","@id":"https:\/\/uwacafe.com\/#organization","name":"U'WA Caf\u00e9","url":"https:\/\/uwacafe.com\/","logo":{"@type":"ImageObject","inLanguage":"fr-FR","@id":"https:\/\/uwacafe.com\/#\/schema\/logo\/image\/","url":"https:\/\/uwacafe.com\/wp-content\/uploads\/2025\/07\/logo-header-510.png","contentUrl":"https:\/\/uwacafe.com\/wp-content\/uploads\/2025\/07\/logo-header-510.png","width":510,"height":340,"caption":"U'WA Caf\u00e9"},"image":{"@id":"https:\/\/uwacafe.com\/#\/schema\/logo\/image\/"},"sameAs":["https:\/\/www.facebook.com\/profile.php?id=61569251725677"]}]}},"_links":{"self":[{"href":"https:\/\/uwacafe.com\/fr\/wp-json\/wp\/v2\/product\/1032","targetHints":{"allow":["GET"]}}],"collection":[{"href":"https:\/\/uwacafe.com\/fr\/wp-json\/wp\/v2\/product"}],"about":[{"href":"https:\/\/uwacafe.com\/fr\/wp-json\/wp\/v2\/types\/product"}],"replies":[{"embeddable":true,"href":"https:\/\/uwacafe.com\/fr\/wp-json\/wp\/v2\/comments?post=1032"}],"version-history":[{"count":1,"href":"https:\/\/uwacafe.com\/fr\/wp-json\/wp\/v2\/product\/1032\/revisions"}],"predecessor-version":[{"id":2360,"href":"https:\/\/uwacafe.com\/fr\/wp-json\/wp\/v2\/product\/1032\/revisions\/2360"}],"wp:featuredmedia":[{"embeddable":true,"href":"https:\/\/uwacafe.com\/fr\/wp-json\/wp\/v2\/media\/4403"}],"wp:attachment":[{"href":"https:\/\/uwacafe.com\/fr\/wp-json\/wp\/v2\/media?parent=1032"}],"wp:term":[{"taxonomy":"product_brand","embeddable":true,"href":"https:\/\/uwacafe.com\/fr\/wp-json\/wp\/v2\/product_brand?post=1032"},{"taxonomy":"product_cat","embeddable":true,"href":"https:\/\/uwacafe.com\/fr\/wp-json\/wp\/v2\/product_cat?post=1032"},{"taxonomy":"product_tag","embeddable":true,"href":"https:\/\/uwacafe.com\/fr\/wp-json\/wp\/v2\/product_tag?post=1032"}],"curies":[{"name":"wp","href":"https:\/\/api.w.org\/{rel}","templated":true}]}}