{"id":1217,"date":"2025-07-15T16:37:13","date_gmt":"2025-07-15T21:37:13","guid":{"rendered":"https:\/\/uwa.nfvgdigital.com\/politique-de-confidentialite\/"},"modified":"2025-07-15T19:01:02","modified_gmt":"2025-07-16T00:01:02","slug":"politique-de-confidentialite","status":"publish","type":"page","link":"https:\/\/uwacafe.com\/fr\/politique-de-confidentialite\/","title":{"rendered":"POLITIQUE DE CONFIDENTIALIT\u00c9"},"content":{"rendered":"\t\t<div data-elementor-type=\"wp-page\" data-elementor-id=\"1217\" class=\"elementor elementor-1217 elementor-1210\" data-elementor-post-type=\"page\">\n\t\t\t\t<div class=\"elementor-element elementor-element-b6f758a e-con-full e-flex e-con e-parent\" data-id=\"b6f758a\" data-element_type=\"container\" data-e-type=\"container\">\n\t\t\t\t<div class=\"elementor-element elementor-element-10cfb47 elementor-widget elementor-widget-image\" data-id=\"10cfb47\" data-element_type=\"widget\" data-e-type=\"widget\" data-widget_type=\"image.default\">\n\t\t\t\t\t\t\t\t\t\t\t\t\t\t\t<img fetchpriority=\"high\" decoding=\"async\" width=\"1920\" height=\"600\" src=\"https:\/\/uwacafe.com\/wp-content\/uploads\/2025\/07\/Politiques.jpg\" class=\"attachment-full size-full wp-image-601\" alt=\"\" srcset=\"https:\/\/uwacafe.com\/wp-content\/uploads\/2025\/07\/Politiques.jpg 1920w, https:\/\/uwacafe.com\/wp-content\/uploads\/2025\/07\/Politiques-300x94.jpg 300w, https:\/\/uwacafe.com\/wp-content\/uploads\/2025\/07\/Politiques-1024x320.jpg 1024w, https:\/\/uwacafe.com\/wp-content\/uploads\/2025\/07\/Politiques-768x240.jpg 768w, https:\/\/uwacafe.com\/wp-content\/uploads\/2025\/07\/Politiques-1536x480.jpg 1536w\" sizes=\"(max-width: 1920px) 100vw, 1920px\" \/>\t\t\t\t\t\t\t\t\t\t\t\t\t\t\t<\/div>\n\t\t\t\t<\/div>\n\t\t<div class=\"elementor-element elementor-element-f71699d e-con-full e-flex e-con e-parent\" data-id=\"f71699d\" data-element_type=\"container\" data-e-type=\"container\">\n\t\t<div class=\"elementor-element elementor-element-0c24e9e e-con-full e-flex e-con e-child\" data-id=\"0c24e9e\" data-element_type=\"container\" data-e-type=\"container\" data-settings=\"{&quot;background_background&quot;:&quot;classic&quot;}\">\n\t\t\t\t<div class=\"elementor-element elementor-element-e8bd962 elementor-widget elementor-widget-heading\" data-id=\"e8bd962\" data-element_type=\"widget\" data-e-type=\"widget\" data-widget_type=\"heading.default\">\n\t\t\t\t\t<h1 class=\"elementor-heading-title elementor-size-default\">POLITIQUE DE CONFIDENTIALIT\u00c9<\/h1>\t\t\t\t<\/div>\n\t\t\t\t<div class=\"elementor-element elementor-element-0cb8b7d elementor-widget elementor-widget-text-editor\" data-id=\"0cb8b7d\" data-element_type=\"widget\" data-e-type=\"widget\" data-widget_type=\"text-editor.default\">\n\t\t\t\t\t\t\t\t\t<p>Chez U\u2019WA, la protection de vos donn\u00e9es personnelles est une priorit\u00e9. Cette politique vous informe sur la mani\u00e8re dont nous collectons, utilisons et prot\u00e9geons vos donn\u00e9es, conform\u00e9ment au R\u00e8glement G\u00e9n\u00e9ral sur la Protection des Donn\u00e9es (RGPD). <\/p><p><span class=\"font-w-950\">1. Donn\u00e9es collect\u00e9es<\/span><br>Nous collectons uniquement les donn\u00e9es n\u00e9cessaires \u00e0 la gestion de votre commande, abonnement, et \u00e0 l\u2019am\u00e9lioration de nos services, notamment :<\/p><p>&#8211; Nom, pr\u00e9nom<br>&#8211; Adresse postale<br>&#8211; Adresse email<br>&#8211; Num\u00e9ro de t\u00e9l\u00e9phone<br>&#8211; Informations de paiement<br>&#8211; Historique de vos commandes<\/p><p><span class=\"font-w-950\">2. Finalit\u00e9s du traitement<\/span><br>Vos donn\u00e9es sont utilis\u00e9es pour :<\/p><p>&#8211; Traiter et g\u00e9rer vos commandes et abonnements<br>&#8211; Assurer la livraison de nos produits<br>&#8211; Communiquer avec vous sur votre compte et nos offres<br>&#8211; Am\u00e9liorer nos services<br>&#8211; Respecter nos obligations l\u00e9gales et fiscales<\/p><p><span class=\"font-w-950\">3. Base l\u00e9gale<\/span><br>Le traitement de vos donn\u00e9es repose principalement sur l\u2019ex\u00e9cution du contrat (commande et abonnement) et votre consentement pour les communications marketing.<\/p><p><span class=\"font-w-950\">4. Partage des donn\u00e9es<\/span><br>Vos donn\u00e9es ne seront jamais vendues. Elles peuvent \u00eatre partag\u00e9es uniquement avec : <\/p><p>&#8211; Nos prestataires logistiques<br>&#8211; Nos partenaires de paiement s\u00e9curis\u00e9s<br>&#8211; Les autorit\u00e9s en cas d\u2019obligation l\u00e9gale<\/p><p><span class=\"font-w-950\">5. Dur\u00e9e de conservation<\/span><br>Nous conservons vos donn\u00e9es pendant la dur\u00e9e n\u00e9cessaire \u00e0 la gestion de notre relation commerciale et jusqu\u2019\u00e0 3 ans apr\u00e8s sa fin, conform\u00e9ment \u00e0 la loi.<\/p><p><span class=\"font-w-950\">6. S\u00e9curit\u00e9<\/span><br>Nous mettons en place des mesures techniques et organisationnelles pour prot\u00e9ger vos donn\u00e9es contre tout acc\u00e8s non autoris\u00e9.<\/p><p><span class=\"font-w-950\">7. Vos droits<\/span><br>Vous disposez des droits suivants concernant vos donn\u00e9es : &#8211;<\/p><p>&#8211; D\u2019acc\u00e8s &#8211; De rectification<br>&#8211; D\u2019effacement (dans certaines limites)<br>&#8211; De limitation du traitement<br>&#8211; D\u2019opposition<br>&#8211; De portabilit\u00e9<br>&#8211; De retirer votre consentement \u00e0 tout moment<\/p><p>Pour exercer ces droits, contactez-nous \u00e0 : contact@uwa-coffee.com<\/p><p><span class=\"font-w-950\">8. Cookies<\/span><br>Notre site utilise des cookies pour am\u00e9liorer votre exp\u00e9rience et analyser la fr\u00e9quentation. Vous pouvez g\u00e9rer vos pr\u00e9f\u00e9rences via votre navigateur. <\/p>\t\t\t\t\t\t\t\t<\/div>\n\t\t\t\t<\/div>\n\t\t\t\t<\/div>\n\t\t\t\t<\/div>\n\t\t","protected":false},"excerpt":{"rendered":"<p>POLITIQUE DE CONFIDENTIALIT\u00c9 Chez U\u2019WA, la protection de vos donn\u00e9es personnelles est une priorit\u00e9. Cette politique vous informe sur la mani\u00e8re dont nous collectons, utilisons et prot\u00e9geons vos donn\u00e9es, conform\u00e9ment au R\u00e8glement G\u00e9n\u00e9ral sur la Protection des Donn\u00e9es (RGPD). 1. Donn\u00e9es collect\u00e9esNous collectons uniquement les donn\u00e9es n\u00e9cessaires \u00e0 la gestion de votre commande, abonnement, et [&hellip;]<\/p>\n","protected":false},"author":1,"featured_media":0,"parent":0,"menu_order":0,"comment_status":"closed","ping_status":"closed","template":"","meta":{"footnotes":""},"class_list":["post-1217","page","type-page","status-publish","hentry"],"yoast_head":"<!-- This site is optimized with the Yoast SEO plugin v27.0 - https:\/\/yoast.com\/product\/yoast-seo-wordpress\/ -->\n<title>POLITIQUE DE CONFIDENTIALIT\u00c9 - UWA Caf\u00e9<\/title>\n<meta name=\"robots\" content=\"index, follow, max-snippet:-1, max-image-preview:large, max-video-preview:-1\" \/>\n<link rel=\"canonical\" href=\"https:\/\/uwacafe.com\/politica-de-privacidad\/\" \/>\n<meta property=\"og:locale\" content=\"fr_FR\" \/>\n<meta property=\"og:type\" content=\"article\" \/>\n<meta property=\"og:title\" content=\"POLITIQUE DE CONFIDENTIALIT\u00c9 - UWA Caf\u00e9\" \/>\n<meta property=\"og:description\" content=\"POLITIQUE DE CONFIDENTIALIT\u00c9 Chez U\u2019WA, la protection de vos donn\u00e9es personnelles est une priorit\u00e9. Cette politique vous informe sur la mani\u00e8re dont nous collectons, utilisons et prot\u00e9geons vos donn\u00e9es, conform\u00e9ment au R\u00e8glement G\u00e9n\u00e9ral sur la Protection des Donn\u00e9es (RGPD). 1. Donn\u00e9es collect\u00e9esNous collectons uniquement les donn\u00e9es n\u00e9cessaires \u00e0 la gestion de votre commande, abonnement, et [&hellip;]\" \/>\n<meta property=\"og:url\" content=\"https:\/\/uwacafe.com\/politica-de-privacidad\/\" \/>\n<meta property=\"og:site_name\" content=\"UWA Caf\u00e9\" \/>\n<meta property=\"article:publisher\" content=\"https:\/\/www.facebook.com\/profile.php?id=61569251725677\" \/>\n<meta property=\"article:modified_time\" content=\"2025-07-16T00:01:02+00:00\" \/>\n<meta property=\"og:image\" content=\"https:\/\/uwa.nfvgdigital.com\/wp-content\/uploads\/2025\/07\/Politiques.jpg\" \/>\n<meta name=\"twitter:card\" content=\"summary_large_image\" \/>\n<meta name=\"twitter:label1\" content=\"Dur\u00e9e de lecture estim\u00e9e\" \/>\n\t<meta name=\"twitter:data1\" content=\"2 minutes\" \/>\n<script type=\"application\/ld+json\" class=\"yoast-schema-graph\">{\"@context\":\"https:\/\/schema.org\",\"@graph\":[{\"@type\":\"WebPage\",\"@id\":\"https:\/\/uwacafe.com\/politica-de-privacidad\/\",\"url\":\"https:\/\/uwacafe.com\/politica-de-privacidad\/\",\"name\":\"POLITIQUE DE CONFIDENTIALIT\u00c9 - UWA Caf\u00e9\",\"isPartOf\":{\"@id\":\"https:\/\/uwacafe.com\/#website\"},\"primaryImageOfPage\":{\"@id\":\"https:\/\/uwacafe.com\/politica-de-privacidad\/#primaryimage\"},\"image\":{\"@id\":\"https:\/\/uwacafe.com\/politica-de-privacidad\/#primaryimage\"},\"thumbnailUrl\":\"https:\/\/uwa.nfvgdigital.com\/wp-content\/uploads\/2025\/07\/Politiques.jpg\",\"datePublished\":\"2025-07-15T21:37:13+00:00\",\"dateModified\":\"2025-07-16T00:01:02+00:00\",\"breadcrumb\":{\"@id\":\"https:\/\/uwacafe.com\/politica-de-privacidad\/#breadcrumb\"},\"inLanguage\":\"fr-FR\",\"potentialAction\":[{\"@type\":\"ReadAction\",\"target\":[\"https:\/\/uwacafe.com\/politica-de-privacidad\/\"]}]},{\"@type\":\"ImageObject\",\"inLanguage\":\"fr-FR\",\"@id\":\"https:\/\/uwacafe.com\/politica-de-privacidad\/#primaryimage\",\"url\":\"https:\/\/uwa.nfvgdigital.com\/wp-content\/uploads\/2025\/07\/Politiques.jpg\",\"contentUrl\":\"https:\/\/uwa.nfvgdigital.com\/wp-content\/uploads\/2025\/07\/Politiques.jpg\"},{\"@type\":\"BreadcrumbList\",\"@id\":\"https:\/\/uwacafe.com\/politica-de-privacidad\/#breadcrumb\",\"itemListElement\":[{\"@type\":\"ListItem\",\"position\":1,\"name\":\"Portada\",\"item\":\"https:\/\/uwacafe.com\/fr\/homepage\/\"},{\"@type\":\"ListItem\",\"position\":2,\"name\":\"POLITIQUE DE CONFIDENTIALIT\u00c9\"}]},{\"@type\":\"WebSite\",\"@id\":\"https:\/\/uwacafe.com\/#website\",\"url\":\"https:\/\/uwacafe.com\/\",\"name\":\"U'WA Caf\u00e9\",\"description\":\"\",\"publisher\":{\"@id\":\"https:\/\/uwacafe.com\/#organization\"},\"potentialAction\":[{\"@type\":\"SearchAction\",\"target\":{\"@type\":\"EntryPoint\",\"urlTemplate\":\"https:\/\/uwacafe.com\/?s={search_term_string}\"},\"query-input\":{\"@type\":\"PropertyValueSpecification\",\"valueRequired\":true,\"valueName\":\"search_term_string\"}}],\"inLanguage\":\"fr-FR\"},{\"@type\":\"Organization\",\"@id\":\"https:\/\/uwacafe.com\/#organization\",\"name\":\"U'WA Caf\u00e9\",\"url\":\"https:\/\/uwacafe.com\/\",\"logo\":{\"@type\":\"ImageObject\",\"inLanguage\":\"fr-FR\",\"@id\":\"https:\/\/uwacafe.com\/#\/schema\/logo\/image\/\",\"url\":\"https:\/\/uwacafe.com\/wp-content\/uploads\/2025\/07\/logo-header-510.png\",\"contentUrl\":\"https:\/\/uwacafe.com\/wp-content\/uploads\/2025\/07\/logo-header-510.png\",\"width\":510,\"height\":340,\"caption\":\"U'WA Caf\u00e9\"},\"image\":{\"@id\":\"https:\/\/uwacafe.com\/#\/schema\/logo\/image\/\"},\"sameAs\":[\"https:\/\/www.facebook.com\/profile.php?id=61569251725677\"]}]}<\/script>\n<!-- \/ Yoast SEO plugin. -->","yoast_head_json":{"title":"POLITIQUE DE CONFIDENTIALIT\u00c9 - UWA Caf\u00e9","robots":{"index":"index","follow":"follow","max-snippet":"max-snippet:-1","max-image-preview":"max-image-preview:large","max-video-preview":"max-video-preview:-1"},"canonical":"https:\/\/uwacafe.com\/politica-de-privacidad\/","og_locale":"fr_FR","og_type":"article","og_title":"POLITIQUE DE CONFIDENTIALIT\u00c9 - UWA Caf\u00e9","og_description":"POLITIQUE DE CONFIDENTIALIT\u00c9 Chez U\u2019WA, la protection de vos donn\u00e9es personnelles est une priorit\u00e9. Cette politique vous informe sur la mani\u00e8re dont nous collectons, utilisons et prot\u00e9geons vos donn\u00e9es, conform\u00e9ment au R\u00e8glement G\u00e9n\u00e9ral sur la Protection des Donn\u00e9es (RGPD). 1. Donn\u00e9es collect\u00e9esNous collectons uniquement les donn\u00e9es n\u00e9cessaires \u00e0 la gestion de votre commande, abonnement, et [&hellip;]","og_url":"https:\/\/uwacafe.com\/politica-de-privacidad\/","og_site_name":"UWA Caf\u00e9","article_publisher":"https:\/\/www.facebook.com\/profile.php?id=61569251725677","article_modified_time":"2025-07-16T00:01:02+00:00","og_image":[{"url":"https:\/\/uwa.nfvgdigital.com\/wp-content\/uploads\/2025\/07\/Politiques.jpg","type":"","width":"","height":""}],"twitter_card":"summary_large_image","twitter_misc":{"Dur\u00e9e de lecture estim\u00e9e":"2 minutes"},"schema":{"@context":"https:\/\/schema.org","@graph":[{"@type":"WebPage","@id":"https:\/\/uwacafe.com\/politica-de-privacidad\/","url":"https:\/\/uwacafe.com\/politica-de-privacidad\/","name":"POLITIQUE DE CONFIDENTIALIT\u00c9 - UWA Caf\u00e9","isPartOf":{"@id":"https:\/\/uwacafe.com\/#website"},"primaryImageOfPage":{"@id":"https:\/\/uwacafe.com\/politica-de-privacidad\/#primaryimage"},"image":{"@id":"https:\/\/uwacafe.com\/politica-de-privacidad\/#primaryimage"},"thumbnailUrl":"https:\/\/uwa.nfvgdigital.com\/wp-content\/uploads\/2025\/07\/Politiques.jpg","datePublished":"2025-07-15T21:37:13+00:00","dateModified":"2025-07-16T00:01:02+00:00","breadcrumb":{"@id":"https:\/\/uwacafe.com\/politica-de-privacidad\/#breadcrumb"},"inLanguage":"fr-FR","potentialAction":[{"@type":"ReadAction","target":["https:\/\/uwacafe.com\/politica-de-privacidad\/"]}]},{"@type":"ImageObject","inLanguage":"fr-FR","@id":"https:\/\/uwacafe.com\/politica-de-privacidad\/#primaryimage","url":"https:\/\/uwa.nfvgdigital.com\/wp-content\/uploads\/2025\/07\/Politiques.jpg","contentUrl":"https:\/\/uwa.nfvgdigital.com\/wp-content\/uploads\/2025\/07\/Politiques.jpg"},{"@type":"BreadcrumbList","@id":"https:\/\/uwacafe.com\/politica-de-privacidad\/#breadcrumb","itemListElement":[{"@type":"ListItem","position":1,"name":"Portada","item":"https:\/\/uwacafe.com\/fr\/homepage\/"},{"@type":"ListItem","position":2,"name":"POLITIQUE DE CONFIDENTIALIT\u00c9"}]},{"@type":"WebSite","@id":"https:\/\/uwacafe.com\/#website","url":"https:\/\/uwacafe.com\/","name":"U'WA Caf\u00e9","description":"","publisher":{"@id":"https:\/\/uwacafe.com\/#organization"},"potentialAction":[{"@type":"SearchAction","target":{"@type":"EntryPoint","urlTemplate":"https:\/\/uwacafe.com\/?s={search_term_string}"},"query-input":{"@type":"PropertyValueSpecification","valueRequired":true,"valueName":"search_term_string"}}],"inLanguage":"fr-FR"},{"@type":"Organization","@id":"https:\/\/uwacafe.com\/#organization","name":"U'WA Caf\u00e9","url":"https:\/\/uwacafe.com\/","logo":{"@type":"ImageObject","inLanguage":"fr-FR","@id":"https:\/\/uwacafe.com\/#\/schema\/logo\/image\/","url":"https:\/\/uwacafe.com\/wp-content\/uploads\/2025\/07\/logo-header-510.png","contentUrl":"https:\/\/uwacafe.com\/wp-content\/uploads\/2025\/07\/logo-header-510.png","width":510,"height":340,"caption":"U'WA Caf\u00e9"},"image":{"@id":"https:\/\/uwacafe.com\/#\/schema\/logo\/image\/"},"sameAs":["https:\/\/www.facebook.com\/profile.php?id=61569251725677"]}]}},"_links":{"self":[{"href":"https:\/\/uwacafe.com\/fr\/wp-json\/wp\/v2\/pages\/1217","targetHints":{"allow":["GET"]}}],"collection":[{"href":"https:\/\/uwacafe.com\/fr\/wp-json\/wp\/v2\/pages"}],"about":[{"href":"https:\/\/uwacafe.com\/fr\/wp-json\/wp\/v2\/types\/page"}],"author":[{"embeddable":true,"href":"https:\/\/uwacafe.com\/fr\/wp-json\/wp\/v2\/users\/1"}],"replies":[{"embeddable":true,"href":"https:\/\/uwacafe.com\/fr\/wp-json\/wp\/v2\/comments?post=1217"}],"version-history":[{"count":3,"href":"https:\/\/uwacafe.com\/fr\/wp-json\/wp\/v2\/pages\/1217\/revisions"}],"predecessor-version":[{"id":1224,"href":"https:\/\/uwacafe.com\/fr\/wp-json\/wp\/v2\/pages\/1217\/revisions\/1224"}],"wp:attachment":[{"href":"https:\/\/uwacafe.com\/fr\/wp-json\/wp\/v2\/media?parent=1217"}],"curies":[{"name":"wp","href":"https:\/\/api.w.org\/{rel}","templated":true}]}}